{"id":8336,"date":"2024-01-16T08:05:07","date_gmt":"2024-01-16T08:05:07","guid":{"rendered":"https:\/\/nets360.eu\/om\/"},"modified":"2024-10-14T12:13:54","modified_gmt":"2024-10-14T12:13:54","slug":"om","status":"publish","type":"page","link":"https:\/\/internet-backup.eu\/sv\/om\/","title":{"rendered":"Om"},"content":{"rendered":"\t\t<div data-elementor-type=\"wp-page\" data-elementor-id=\"8336\" class=\"elementor elementor-8336\" data-elementor-post-type=\"page\">\n\t\t\t\t<div class=\"elementor-element elementor-element-5443ba6 e-flex e-con-boxed e-con e-parent\" data-id=\"5443ba6\" data-element_type=\"container\" data-settings=\"{&quot;background_background&quot;:&quot;gradient&quot;}\">\n\t\t\t\t\t<div class=\"e-con-inner\">\n\t\t<div class=\"elementor-element elementor-element-5fc7769 e-flex e-con-boxed e-con e-child\" data-id=\"5fc7769\" data-element_type=\"container\">\n\t\t\t\t\t<div class=\"e-con-inner\">\n\t\t<div class=\"elementor-element elementor-element-774e743 e-flex e-con-boxed e-con e-child\" data-id=\"774e743\" data-element_type=\"container\">\n\t\t\t\t\t<div class=\"e-con-inner\">\n\t\t\t\t<div class=\"elementor-element elementor-element-6486a88 elementor-widget elementor-widget-text-editor\" data-id=\"6486a88\" data-element_type=\"widget\" data-widget_type=\"text-editor.default\">\n\t\t\t\t<div class=\"elementor-widget-container\">\n\t\t\t\t\t\t\t<p>nets360 om oss<\/p>\n\t\t\t\t\t\t<\/div>\n\t\t\t\t<\/div>\n\t\t\t\t<div class=\"elementor-element elementor-element-57387a1 elementor-widget elementor-widget-heading\" data-id=\"57387a1\" data-element_type=\"widget\" data-widget_type=\"heading.default\">\n\t\t\t\t<div class=\"elementor-widget-container\">\n\t\t\t<h2 class=\"elementor-heading-title elementor-size-default\">360\u00b0 <br>Secure<br>Resilient<br>Next-Generation<br>Networks for Europe<\/h2>\t\t<\/div>\n\t\t\t\t<\/div>\n\t\t\t\t<div class=\"elementor-element elementor-element-52bc3ac elementor-widget elementor-widget-text-editor\" data-id=\"52bc3ac\" data-element_type=\"widget\" data-widget_type=\"text-editor.default\">\n\t\t\t\t<div class=\"elementor-widget-container\">\n\t\t\t\t\t\t\t<p><strong>nets360<\/strong> \u00e4r en estnisk startup som grundades 2023 av den tyska teknikentrepren\u00f6ren Bernhard Teufel och erbjuder n\u00e4sta generations s\u00e4kra n\u00e4tverksl\u00f6sningar med l\u00e5g latens f\u00f6r IoT, f\u00f6retag och internetleverant\u00f6rer.<br \/>\nGenom att utnyttja privata, dedikerade n\u00e4tverk och strategiska peering-partnerskap som DE-CIX erbjuder nets360 \u00f6verl\u00e4gsen prestanda, f\u00f6rb\u00e4ttrad s\u00e4kerhet och direkt moln\u00e5tkomst, utan att g\u00e5 via det publika Internet.<br \/>\nF\u00f6retaget samarbetar med partners \u00f6ver hela Europa och str\u00e4var efter att revolutionera konnektiviteten f\u00f6r f\u00f6retag och offentliga institutioner.  <br \/><strong>V\u00e4lkommen till nets360.<\/strong><\/p>\n\t\t\t\t\t\t<\/div>\n\t\t\t\t<\/div>\n\t\t\t\t\t<\/div>\n\t\t\t\t<\/div>\n\t\t\t\t\t<\/div>\n\t\t\t\t<\/div>\n\t\t\t\t\t<\/div>\n\t\t\t\t<\/div>\n\t\t<div class=\"elementor-element elementor-element-5cbcebc e-flex e-con-boxed e-con e-parent\" data-id=\"5cbcebc\" data-element_type=\"container\">\n\t\t\t\t\t<div class=\"e-con-inner\">\n\t\t<div class=\"elementor-element elementor-element-e87d95c e-con-full e-flex e-con e-child\" data-id=\"e87d95c\" data-element_type=\"container\">\n\t\t\t\t<div class=\"elementor-element elementor-element-6627c5a elementor-widget elementor-widget-heading\" data-id=\"6627c5a\" data-element_type=\"widget\" data-widget_type=\"heading.default\">\n\t\t\t\t<div class=\"elementor-widget-container\">\n\t\t\t<h2 class=\"elementor-heading-title elementor-size-default\">nets360: N\u00e4sta generations n\u00e4tverk - bortom Internet<\/h2>\t\t<\/div>\n\t\t\t\t<\/div>\n\t\t\t\t<\/div>\n\t\t<div class=\"elementor-element elementor-element-81f3621 e-con-full e-flex e-con e-child\" data-id=\"81f3621\" data-element_type=\"container\">\n\t\t\t\t<div class=\"elementor-element elementor-element-b099f0a elementor-widget elementor-widget-text-editor\" data-id=\"b099f0a\" data-element_type=\"widget\" data-widget_type=\"text-editor.default\">\n\t\t\t\t<div class=\"elementor-widget-container\">\n\t\t\t\t\t\t\t<p><strong>nets360<\/strong> grundades 2023 av den tyska teknikentrepren\u00f6ren Bernhard Teufel och tillhandah\u00e5ller banbrytande, framtidsorienterade n\u00e4tverks- och anslutningsl\u00f6sningar som g\u00e5r ut\u00f6ver begr\u00e4nsningarna f\u00f6r det offentliga internet.<br \/>\nSom ett estniskt startupf\u00f6retag specialiserar vi oss p\u00e5 s\u00e4kra, l\u00e5gf\u00f6rdr\u00f6jda och mycket tillf\u00f6rlitliga n\u00e4tverk f\u00f6r IoT, f\u00f6retag och internetleverant\u00f6rer (ISP).<br \/>\nVi har ett n\u00e4ra samarbete med partners \u00f6ver hela Europa f\u00f6r att leverera infrastruktur och tj\u00e4nster i toppklass.  <\/p>\n\t\t\t\t\t\t<\/div>\n\t\t\t\t<\/div>\n\t\t\t\t<\/div>\n\t\t\t\t\t<\/div>\n\t\t\t\t<\/div>\n\t\t<div class=\"elementor-element elementor-element-06b10b2 e-flex e-con-boxed e-con e-parent\" data-id=\"06b10b2\" data-element_type=\"container\">\n\t\t\t\t\t<div class=\"e-con-inner\">\n\t\t\t\t<div class=\"elementor-element elementor-element-8d73907 elementor-widget-divider--view-line elementor-widget elementor-widget-divider\" data-id=\"8d73907\" data-element_type=\"widget\" data-widget_type=\"divider.default\">\n\t\t\t\t<div class=\"elementor-widget-container\">\n\t\t\t\t\t<div class=\"elementor-divider\">\n\t\t\t<span class=\"elementor-divider-separator\">\n\t\t\t\t\t\t<\/span>\n\t\t<\/div>\n\t\t\t\t<\/div>\n\t\t\t\t<\/div>\n\t\t\t\t\t<\/div>\n\t\t\t\t<\/div>\n\t\t<div class=\"elementor-element elementor-element-98d6e5b e-flex e-con-boxed e-con e-parent\" data-id=\"98d6e5b\" data-element_type=\"container\">\n\t\t\t\t\t<div class=\"e-con-inner\">\n\t\t<div class=\"elementor-element elementor-element-ef4a8b0 e-con-full e-flex e-con e-child\" data-id=\"ef4a8b0\" data-element_type=\"container\">\n\t\t\t\t<div class=\"elementor-element elementor-element-e7da792 elementor-widget elementor-widget-heading\" data-id=\"e7da792\" data-element_type=\"widget\" data-widget_type=\"heading.default\">\n\t\t\t\t<div class=\"elementor-widget-container\">\n\t\t\t<h2 class=\"elementor-heading-title elementor-size-default\">V\u00e5rt f\u00f6rh\u00e5llningss\u00e4tt: <br>Bortom Internet<\/h2>\t\t<\/div>\n\t\t\t\t<\/div>\n\t\t\t\t<\/div>\n\t\t<div class=\"elementor-element elementor-element-ffd137e e-con-full e-flex e-con e-child\" data-id=\"ffd137e\" data-element_type=\"container\">\n\t\t\t\t<div class=\"elementor-element elementor-element-7aedb4c elementor-widget elementor-widget-text-editor\" data-id=\"7aedb4c\" data-element_type=\"widget\" data-widget_type=\"text-editor.default\">\n\t\t\t\t<div class=\"elementor-widget-container\">\n\t\t\t\t\t\t\t<p>Medan m\u00e5nga traditionella n\u00e4tverkstj\u00e4nster f\u00f6rlitar sig p\u00e5 det publika Internet, erbjuder nets360 direkta, privata anslutningar genom v\u00e5rt egenutvecklade k\u00e4rnn\u00e4tverk, som utnyttjar peering med <strong>DE-CIX<\/strong> i Frankfurt och andra strategiska partners.<br \/>\nDetta tillv\u00e4gag\u00e5ngss\u00e4tt g\u00f6r det m\u00f6jligt att skapa s\u00e4kra, dedikerade n\u00e4tverk som ger \u00f6verl\u00e4gsen prestanda, f\u00f6rb\u00e4ttrad s\u00e4kerhet och minskad komplexitet.<br \/>\nV\u00e5ra kunder kan hantera sin datatrafik och sina aff\u00e4rsprocesser \u00f6ver privata, slutna n\u00e4tverk utan att beh\u00f6va dirigera k\u00e4nslig information via det publika Internet &#8211; idealiskt f\u00f6r f\u00f6retag som vill ha maximal kontroll \u00f6ver sina n\u00e4tverk.  <\/p>\n\t\t\t\t\t\t<\/div>\n\t\t\t\t<\/div>\n\t\t\t\t<\/div>\n\t\t\t\t\t<\/div>\n\t\t\t\t<\/div>\n\t\t<div class=\"elementor-element elementor-element-49acf6a e-flex e-con-boxed e-con e-parent\" data-id=\"49acf6a\" data-element_type=\"container\">\n\t\t\t\t\t<div class=\"e-con-inner\">\n\t\t\t\t<div class=\"elementor-element elementor-element-ba7ff6c elementor-widget-divider--view-line elementor-widget elementor-widget-divider\" data-id=\"ba7ff6c\" data-element_type=\"widget\" data-widget_type=\"divider.default\">\n\t\t\t\t<div class=\"elementor-widget-container\">\n\t\t\t\t\t<div class=\"elementor-divider\">\n\t\t\t<span class=\"elementor-divider-separator\">\n\t\t\t\t\t\t<\/span>\n\t\t<\/div>\n\t\t\t\t<\/div>\n\t\t\t\t<\/div>\n\t\t\t\t\t<\/div>\n\t\t\t\t<\/div>\n\t\t<div class=\"elementor-element elementor-element-e3b69e6 e-flex e-con-boxed e-con e-parent\" data-id=\"e3b69e6\" data-element_type=\"container\">\n\t\t\t\t\t<div class=\"e-con-inner\">\n\t\t<div class=\"elementor-element elementor-element-c95d2f0 e-con-full e-flex e-con e-child\" data-id=\"c95d2f0\" data-element_type=\"container\">\n\t\t\t\t<div class=\"elementor-element elementor-element-6f34de8 elementor-widget elementor-widget-heading\" data-id=\"6f34de8\" data-element_type=\"widget\" data-widget_type=\"heading.default\">\n\t\t\t\t<div class=\"elementor-widget-container\">\n\t\t\t<h2 class=\"elementor-heading-title elementor-size-default\">Varf\u00f6r v\u00e4lja nets360?<\/h2>\t\t<\/div>\n\t\t\t\t<\/div>\n\t\t\t\t<\/div>\n\t\t<div class=\"elementor-element elementor-element-0a26155 e-con-full e-flex e-con e-child\" data-id=\"0a26155\" data-element_type=\"container\">\n\t\t\t\t<div class=\"elementor-element elementor-element-29f3a09 elementor-widget elementor-widget-text-editor\" data-id=\"29f3a09\" data-element_type=\"widget\" data-widget_type=\"text-editor.default\">\n\t\t\t\t<div class=\"elementor-widget-container\">\n\t\t\t\t\t\t\t<p>Genom att utnyttja v\u00e5ra partnerskap med <strong>Fortinet<\/strong>, <strong>Nokia<\/strong> och <strong>Teltonika Networks<\/strong> tillhandah\u00e5ller vi toppmoderna n\u00e4tverkss\u00e4kerhetsl\u00f6sningar som s\u00f6ml\u00f6st integreras i v\u00e5ra infrastrukturer.<br \/>\nGenom att fokusera p\u00e5 specialbyggda, privata n\u00e4tverk hj\u00e4lper vi f\u00f6retag och offentliga institutioner att p\u00e5 ett s\u00e4kert och direkt s\u00e4tt ansluta sina platser, anst\u00e4llda och molnplattformar.<br \/>\nDetta s\u00e4kerst\u00e4ller inte bara snabbare data\u00f6verf\u00f6ring och f\u00f6rb\u00e4ttrad s\u00e4kerhet, utan ger ocks\u00e5 flexibilitet att skala efter aff\u00e4rsbehov.  <\/p>\n<p>nets360 s\u00f6ker aktivt f\u00f6rs\u00e4ljningspartners i hela Europa f\u00f6r att hj\u00e4lpa till att frig\u00f6ra potentialen i privata n\u00e4tverk och erbjuda f\u00f6retag ett \u00f6verl\u00e4gset alternativ till det traditionella Internet.<\/p>\n\t\t\t\t\t\t<\/div>\n\t\t\t\t<\/div>\n\t\t\t\t<\/div>\n\t\t\t\t\t<\/div>\n\t\t\t\t<\/div>\n\t\t<div class=\"elementor-element elementor-element-c38220c e-flex e-con-boxed e-con e-parent\" data-id=\"c38220c\" data-element_type=\"container\">\n\t\t\t\t\t<div class=\"e-con-inner\">\n\t\t\t\t<div class=\"elementor-element elementor-element-e6b45c7 elementor-widget-divider--view-line elementor-widget elementor-widget-divider\" data-id=\"e6b45c7\" data-element_type=\"widget\" data-widget_type=\"divider.default\">\n\t\t\t\t<div class=\"elementor-widget-container\">\n\t\t\t\t\t<div class=\"elementor-divider\">\n\t\t\t<span class=\"elementor-divider-separator\">\n\t\t\t\t\t\t<\/span>\n\t\t<\/div>\n\t\t\t\t<\/div>\n\t\t\t\t<\/div>\n\t\t\t\t\t<\/div>\n\t\t\t\t<\/div>\n\t\t<div class=\"elementor-element elementor-element-f54e0b8 e-flex e-con-boxed e-con e-parent\" data-id=\"f54e0b8\" data-element_type=\"container\">\n\t\t\t\t\t<div class=\"e-con-inner\">\n\t\t<div class=\"elementor-element elementor-element-f43c083 e-con-full e-flex e-con e-child\" data-id=\"f43c083\" data-element_type=\"container\">\n\t\t\t\t<div class=\"elementor-element elementor-element-8e9b4b1 elementor-widget elementor-widget-heading\" data-id=\"8e9b4b1\" data-element_type=\"widget\" data-widget_type=\"heading.default\">\n\t\t\t\t<div class=\"elementor-widget-container\">\n\t\t\t<h2 class=\"elementor-heading-title elementor-size-default\">nets360 Solutions:<\/h2>\t\t<\/div>\n\t\t\t\t<\/div>\n\t\t\t\t<\/div>\n\t\t<div class=\"elementor-element elementor-element-fb308b0 e-con-full e-flex e-con e-child\" data-id=\"fb308b0\" data-element_type=\"container\">\n\t\t\t\t<div class=\"elementor-element elementor-element-febcab1 elementor-widget elementor-widget-text-editor\" data-id=\"febcab1\" data-element_type=\"widget\" data-widget_type=\"text-editor.default\">\n\t\t\t\t<div class=\"elementor-widget-container\">\n\t\t\t\t\t\t\t<ul>\n<li>\n<p><strong>Secure IoT Connectivity<\/strong><br \/>Erbjuder mycket s\u00e4ker och skalbar uppkoppling f\u00f6r IoT-milj\u00f6er, tillg\u00e4nglig \u00f6ver det publika Internet eller privata n\u00e4tverk.<\/p>\n<\/li>\n<li>\n<p><strong>Infrastructure as a Service (IaaS) f\u00f6r IoT (Managed Services)<\/strong><br \/>Skr\u00e4ddarsydda infrastrukturl\u00f6sningar med IoT-gateways och -routrar f\u00f6r s\u00e4ker och tillf\u00f6rlitlig IoT-integration och -hantering.<\/p>\n<\/li>\n<li>\n<p><strong>Privata, dedikerade WAN-n\u00e4tverk f\u00f6r f\u00f6retag och offentliga myndigheter<\/strong><br \/>H\u00f6gpresterande, s\u00e4kra WAN-l\u00f6sningar som levereras via direkta, privata anslutningar &#8211; perfekt f\u00f6r att skydda k\u00e4nsliga data i myndighets- och f\u00f6retagsmilj\u00f6er.<\/p>\n<\/li>\n<li>\n<p><strong>Site-to-Site Connectivity f\u00f6r VPN-, SD-WAN- och SASE-l\u00f6sningar<\/strong><br \/>Ett omfattande utbud av l\u00f6sningar och tekniker f\u00f6r s\u00e4ker anslutning av flera platser, vilket ger \u00f6kad flexibilitet och kontroll.<\/p>\n<\/li>\n<li>\n<p><strong>Multi-Homed 4G\/5G Internet Backup<\/strong><br \/>Backup-l\u00f6sningar med l\u00e5g latens som anv\u00e4nder 4G\/5G-n\u00e4tverk f\u00f6r att s\u00e4kerst\u00e4lla kontinuitet i verksamheten i h\u00e4ndelse av fel p\u00e5 den prim\u00e4ra anslutningen, t.ex. fiber- eller DSL-avbrott.<\/p>\n<\/li>\n<li>\n<p><strong>Value-Added Solutions for ISPs (Internet Backup, Peering, CPE as a Service)<\/strong><br \/>Innovativa tj\u00e4nster som \u00e4r utformade f\u00f6r att f\u00f6rb\u00e4ttra ISP-erbjudanden, inklusive multi-homed 4G\/5G backup-l\u00f6sningar som bearbetas direkt via v\u00e5rt k\u00e4rnn\u00e4t.<\/p>\n<\/li>\n<li>\n<p><strong>Connectivity as a Service (CaaS)<\/strong><br \/>Flexibla, skalbara anslutningsl\u00f6sningar f\u00f6r f\u00f6retag och offentliga institutioner i hela Europa, som s\u00e4kerst\u00e4ller s\u00f6ml\u00f6s och tillf\u00f6rlitlig \u00e5tkomst.<\/p>\n<\/li>\n<li>\n<p><strong>Network as a Service (NaaS)<\/strong><br \/>Fullt hanterad n\u00e4tverksinfrastruktur (LAN\/Wi-Fi) som g\u00f6r det m\u00f6jligt f\u00f6r f\u00f6retag att skala upp och v\u00e4xa utan att beh\u00f6va hantera komplexa n\u00e4tverksoperationer.<\/p>\n<\/li>\n<li>\n<p><strong>Direct Cloud Access f\u00f6r f\u00f6retag och offentliga myndigheter<\/strong><br \/>Direkta, s\u00e4kra anslutningar till molnleverant\u00f6rer som Google, AWS och Microsoft Azure via Layer 2\/3, som f\u00f6rbig\u00e5r det publika Internet f\u00f6r att avsev\u00e4rt f\u00f6rb\u00e4ttra b\u00e5de s\u00e4kerhet och prestanda.<\/p>\n<\/li>\n<\/ul>\n\t\t\t\t\t\t<\/div>\n\t\t\t\t<\/div>\n\t\t\t\t<\/div>\n\t\t\t\t\t<\/div>\n\t\t\t\t<\/div>\n\t\t<div class=\"elementor-element elementor-element-58a3521 e-flex e-con-boxed e-con e-parent\" data-id=\"58a3521\" data-element_type=\"container\">\n\t\t\t\t\t<div class=\"e-con-inner\">\n\t\t\t\t<div class=\"elementor-element elementor-element-8b9cd2c elementor-widget-divider--view-line elementor-widget elementor-widget-divider\" data-id=\"8b9cd2c\" data-element_type=\"widget\" data-widget_type=\"divider.default\">\n\t\t\t\t<div class=\"elementor-widget-container\">\n\t\t\t\t\t<div class=\"elementor-divider\">\n\t\t\t<span class=\"elementor-divider-separator\">\n\t\t\t\t\t\t<\/span>\n\t\t<\/div>\n\t\t\t\t<\/div>\n\t\t\t\t<\/div>\n\t\t\t\t\t<\/div>\n\t\t\t\t<\/div>\n\t\t<div class=\"elementor-element elementor-element-971efac e-flex e-con-boxed e-con e-parent\" data-id=\"971efac\" data-element_type=\"container\">\n\t\t\t\t\t<div class=\"e-con-inner\">\n\t\t<div class=\"elementor-element elementor-element-aa10ce6 e-con-full e-flex e-con e-child\" data-id=\"aa10ce6\" data-element_type=\"container\">\n\t\t\t\t<div class=\"elementor-element elementor-element-815e637 elementor-widget elementor-widget-heading\" data-id=\"815e637\" data-element_type=\"widget\" data-widget_type=\"heading.default\">\n\t\t\t\t<div class=\"elementor-widget-container\">\n\t\t\t<h2 class=\"elementor-heading-title elementor-size-default\">V\u00e5r VD<\/h2>\t\t<\/div>\n\t\t\t\t<\/div>\n\t\t\t\t<\/div>\n\t\t<div class=\"elementor-element elementor-element-d2b34bf e-con-full e-flex e-con e-child\" data-id=\"d2b34bf\" data-element_type=\"container\">\n\t\t\t\t<div class=\"elementor-element elementor-element-6f5f407 elementor-widget elementor-widget-text-editor\" data-id=\"6f5f407\" data-element_type=\"widget\" data-widget_type=\"text-editor.default\">\n\t\t\t\t<div class=\"elementor-widget-container\">\n\t\t\t\t\t\t\t<p><strong>&#8221;F\u00f6dd med en n\u00e4tverkskabel i handen&#8221;<br \/><\/strong>\u00e4r hur f\u00f6retagets grundare och VD Bernhard Teufel beskriver sig sj\u00e4lv.<\/p>\n<p>Bernhard Teufel grundade sitt f\u00f6rsta IT-f\u00f6retag f\u00f6r \u00f6ver 20 \u00e5r sedan inom n\u00e4tverks- och VoIP-sektorn.  <\/p>\n<p>Efter att ha rest och bott i 29 l\u00e4nder i Europa under de senaste 10 \u00e5ren f\u00f6r att l\u00e4ra k\u00e4nna m\u00e4nniskorna, kulturerna och f\u00f6retagen d\u00e4r, var det dags att skapa ett n\u00e4tverksf\u00f6retag f\u00f6r Europa. Fr\u00e5n denna id\u00e9 f\u00f6ddes nets360.<\/p>\n\t\t\t\t\t\t<\/div>\n\t\t\t\t<\/div>\n\t\t\t\t<\/div>\n\t\t\t\t<div class=\"elementor-element elementor-element-da1287f animated-fast elementor-widget elementor-widget-image\" data-id=\"da1287f\" data-element_type=\"widget\" data-settings=\"{&quot;_animation&quot;:&quot;none&quot;}\" data-widget_type=\"image.default\">\n\t\t\t\t<div class=\"elementor-widget-container\">\n\t\t\t\t\t\t\t\t\t\t\t\t\t<img decoding=\"async\" src=\"https:\/\/internet-backup.eu\/wp-content\/uploads\/elementor\/thumbs\/bernhardteufel-qkjfzj0lne03mufuazovjrwkuriacntg5d44zjuv9u.webp\" title=\"bernhardteufel\" alt=\"bernhardteufel\" loading=\"lazy\" \/>\t\t\t\t\t\t\t\t\t\t\t\t\t<\/div>\n\t\t\t\t<\/div>\n\t\t\t\t\t<\/div>\n\t\t\t\t<\/div>\n\t\t<div class=\"elementor-element elementor-element-dc4b6c6 e-flex e-con-boxed e-con e-parent\" data-id=\"dc4b6c6\" data-element_type=\"container\">\n\t\t\t\t\t<div class=\"e-con-inner\">\n\t\t\t\t<div class=\"elementor-element elementor-element-2848892 elementor-widget-divider--view-line elementor-widget elementor-widget-divider\" data-id=\"2848892\" data-element_type=\"widget\" data-widget_type=\"divider.default\">\n\t\t\t\t<div class=\"elementor-widget-container\">\n\t\t\t\t\t<div class=\"elementor-divider\">\n\t\t\t<span class=\"elementor-divider-separator\">\n\t\t\t\t\t\t<\/span>\n\t\t<\/div>\n\t\t\t\t<\/div>\n\t\t\t\t<\/div>\n\t\t\t\t\t<\/div>\n\t\t\t\t<\/div>\n\t\t<div class=\"elementor-element elementor-element-6393b83 e-flex e-con-boxed e-con e-parent\" data-id=\"6393b83\" data-element_type=\"container\">\n\t\t\t\t\t<div class=\"e-con-inner\">\n\t\t<div class=\"elementor-element elementor-element-a6ad5ca e-con-full e-flex e-con e-child\" data-id=\"a6ad5ca\" data-element_type=\"container\">\n\t\t\t\t<div class=\"elementor-element elementor-element-6499fb4 elementor-widget elementor-widget-heading\" data-id=\"6499fb4\" data-element_type=\"widget\" data-widget_type=\"heading.default\">\n\t\t\t\t<div class=\"elementor-widget-container\">\n\t\t\t<h2 class=\"elementor-heading-title elementor-size-default\">V\u00e5rt team<\/h2>\t\t<\/div>\n\t\t\t\t<\/div>\n\t\t\t\t<\/div>\n\t\t<div class=\"elementor-element elementor-element-8ce0989 e-con-full e-flex e-con e-child\" data-id=\"8ce0989\" data-element_type=\"container\">\n\t\t\t\t<div class=\"elementor-element elementor-element-24b4979 elementor-widget elementor-widget-text-editor\" data-id=\"24b4979\" data-element_type=\"widget\" data-widget_type=\"text-editor.default\">\n\t\t\t\t<div class=\"elementor-widget-container\">\n\t\t\t\t\t\t\t<p>Vi talar m\u00e5nga spr\u00e5k och kommer fr\u00e5n m\u00e5nga olika kulturer, men vi f\u00f6renas av en id\u00e9 &#8211; att g\u00f6ra nets360 till ett framg\u00e5ngsrikt f\u00f6retag.<\/p>\n<p>M\u00e4nniskor fr\u00e5n \u00d6sterrike, Kroatien, Estland, Tyskland, Italien, Litauen, Schweiz och Spanien arbetar redan f\u00f6r nets360.<\/p>\n\t\t\t\t\t\t<\/div>\n\t\t\t\t<\/div>\n\t\t\t\t<\/div>\n\t\t\t\t\t<\/div>\n\t\t\t\t<\/div>\n\t\t<div class=\"elementor-element elementor-element-909fa51 e-flex e-con-boxed e-con e-parent\" data-id=\"909fa51\" data-element_type=\"container\" data-settings=\"{&quot;background_background&quot;:&quot;gradient&quot;}\">\n\t\t\t\t\t<div class=\"e-con-inner\">\n\t\t<div class=\"elementor-element elementor-element-52b8636 e-con-full e-flex e-con e-child\" data-id=\"52b8636\" data-element_type=\"container\">\n\t\t\t\t<div class=\"elementor-element elementor-element-2fdbabd elementor-widget elementor-widget-image\" data-id=\"2fdbabd\" data-element_type=\"widget\" data-widget_type=\"image.default\">\n\t\t\t\t<div class=\"elementor-widget-container\">\n\t\t\t\t\t\t\t\t\t\t\t\t\t<img fetchpriority=\"high\" decoding=\"async\" width=\"1920\" height=\"687\" src=\"https:\/\/internet-backup.eu\/wp-content\/uploads\/2023\/12\/AdobeStock_240045949-min-scaled-1.webp\" class=\"attachment-full size-full wp-image-8347\" alt=\"\" srcset=\"https:\/\/internet-backup.eu\/wp-content\/uploads\/2023\/12\/AdobeStock_240045949-min-scaled-1.webp 1920w, https:\/\/internet-backup.eu\/wp-content\/uploads\/2023\/12\/AdobeStock_240045949-min-scaled-1-300x107.webp 300w, https:\/\/internet-backup.eu\/wp-content\/uploads\/2023\/12\/AdobeStock_240045949-min-scaled-1-1024x366.webp 1024w, https:\/\/internet-backup.eu\/wp-content\/uploads\/2023\/12\/AdobeStock_240045949-min-scaled-1-768x275.webp 768w, https:\/\/internet-backup.eu\/wp-content\/uploads\/2023\/12\/AdobeStock_240045949-min-scaled-1-1536x550.webp 1536w\" sizes=\"(max-width: 1920px) 100vw, 1920px\" \/>\t\t\t\t\t\t\t\t\t\t\t\t\t<\/div>\n\t\t\t\t<\/div>\n\t\t\t\t<\/div>\n\t\t<div class=\"elementor-element elementor-element-4e21806 e-con-full e-flex e-con e-child\" data-id=\"4e21806\" data-element_type=\"container\">\n\t\t<div class=\"elementor-element elementor-element-46223e2 animated-fast e-flex e-con-boxed e-con e-child\" data-id=\"46223e2\" data-element_type=\"container\" data-settings=\"{&quot;animation&quot;:&quot;none&quot;}\">\n\t\t\t\t\t<div class=\"e-con-inner\">\n\t\t\t\t<div class=\"elementor-element elementor-element-d642856 elementor-widget elementor-widget-heading\" data-id=\"d642856\" data-element_type=\"widget\" data-widget_type=\"heading.default\">\n\t\t\t\t<div class=\"elementor-widget-container\">\n\t\t\t<h2 class=\"elementor-heading-title elementor-size-default\">Kom ig\u00e5ng med nets360<\/h2>\t\t<\/div>\n\t\t\t\t<\/div>\n\t\t\t\t<div class=\"elementor-element elementor-element-dfaf728 elementor-widget elementor-widget-text-editor\" data-id=\"dfaf728\" data-element_type=\"widget\" data-widget_type=\"text-editor.default\">\n\t\t\t\t<div class=\"elementor-widget-container\">\n\t\t\t\t\t\t\t<p>Vi levererar \u00f6ver hela Europa och talar flera spr\u00e5k.<br \/>L\u00e5t oss prata om din l\u00f6sning.<\/p>\n\t\t\t\t\t\t<\/div>\n\t\t\t\t<\/div>\n\t\t\t\t<div class=\"elementor-element elementor-element-51e1f0b elementor-widget elementor-widget-button\" data-id=\"51e1f0b\" data-element_type=\"widget\" data-widget_type=\"button.default\">\n\t\t\t\t<div class=\"elementor-widget-container\">\n\t\t\t\t\t\t\t<div class=\"elementor-button-wrapper\">\n\t\t\t\t\t<a class=\"elementor-button elementor-button-link elementor-size-sm\" href=\"https:\/\/internet-backup.eu\/sv\/kontakta-oss\/\">\n\t\t\t\t\t\t<span class=\"elementor-button-content-wrapper\">\n\t\t\t\t\t\t\t\t\t<span class=\"elementor-button-text\">Kontakt<\/span>\n\t\t\t\t\t<\/span>\n\t\t\t\t\t<\/a>\n\t\t\t\t<\/div>\n\t\t\t\t\t\t<\/div>\n\t\t\t\t<\/div>\n\t\t\t\t\t<\/div>\n\t\t\t\t<\/div>\n\t\t\t\t<\/div>\n\t\t\t\t\t<\/div>\n\t\t\t\t<\/div>\n\t\t\t\t<\/div>\n\t\t","protected":false},"excerpt":{"rendered":"<p>nets360 om oss 360\u00b0 SecureResilientNext-GenerationNetworks for Europe nets360 \u00e4r en estnisk startup som grundades 2023 av den tyska teknikentrepren\u00f6ren Bernhard Teufel och erbjuder n\u00e4sta generations s\u00e4kra n\u00e4tverksl\u00f6sningar med l\u00e5g latens f\u00f6r IoT, f\u00f6retag och internetleverant\u00f6rer. Genom att utnyttja privata, dedikerade n\u00e4tverk och strategiska peering-partnerskap som DE-CIX erbjuder nets360 \u00f6verl\u00e4gsen prestanda, f\u00f6rb\u00e4ttrad s\u00e4kerhet och direkt moln\u00e5tkomst, [&hellip;]<\/p>\n","protected":false},"author":1,"featured_media":0,"parent":0,"menu_order":0,"comment_status":"closed","ping_status":"closed","template":"","meta":{"_acf_changed":false,"inline_featured_image":false,"footnotes":""},"class_list":["post-8336","page","type-page","status-publish","hentry"],"acf":[],"_links":{"self":[{"href":"https:\/\/internet-backup.eu\/sv\/wp-json\/wp\/v2\/pages\/8336","targetHints":{"allow":["GET"]}}],"collection":[{"href":"https:\/\/internet-backup.eu\/sv\/wp-json\/wp\/v2\/pages"}],"about":[{"href":"https:\/\/internet-backup.eu\/sv\/wp-json\/wp\/v2\/types\/page"}],"author":[{"embeddable":true,"href":"https:\/\/internet-backup.eu\/sv\/wp-json\/wp\/v2\/users\/1"}],"replies":[{"embeddable":true,"href":"https:\/\/internet-backup.eu\/sv\/wp-json\/wp\/v2\/comments?post=8336"}],"version-history":[{"count":5,"href":"https:\/\/internet-backup.eu\/sv\/wp-json\/wp\/v2\/pages\/8336\/revisions"}],"predecessor-version":[{"id":11284,"href":"https:\/\/internet-backup.eu\/sv\/wp-json\/wp\/v2\/pages\/8336\/revisions\/11284"}],"wp:attachment":[{"href":"https:\/\/internet-backup.eu\/sv\/wp-json\/wp\/v2\/media?parent=8336"}],"curies":[{"name":"wp","href":"https:\/\/api.w.org\/{rel}","templated":true}]}}