{"id":11673,"date":"2024-01-16T08:05:07","date_gmt":"2024-01-16T08:05:07","guid":{"rendered":"https:\/\/nets360.eu\/apie\/"},"modified":"2024-10-27T08:05:48","modified_gmt":"2024-10-27T08:05:48","slug":"apie","status":"publish","type":"page","link":"https:\/\/internet-backup.eu\/lt\/apie\/","title":{"rendered":"Apie"},"content":{"rendered":"\t\t<div data-elementor-type=\"wp-page\" data-elementor-id=\"11673\" class=\"elementor elementor-11673\" data-elementor-post-type=\"page\">\n\t\t\t\t<div class=\"elementor-element elementor-element-5443ba6 e-flex e-con-boxed e-con e-parent\" data-id=\"5443ba6\" data-element_type=\"container\" data-settings=\"{&quot;background_background&quot;:&quot;gradient&quot;}\">\n\t\t\t\t\t<div class=\"e-con-inner\">\n\t\t<div class=\"elementor-element elementor-element-5fc7769 e-flex e-con-boxed e-con e-child\" data-id=\"5fc7769\" data-element_type=\"container\">\n\t\t\t\t\t<div class=\"e-con-inner\">\n\t\t<div class=\"elementor-element elementor-element-774e743 e-flex e-con-boxed e-con e-child\" data-id=\"774e743\" data-element_type=\"container\">\n\t\t\t\t\t<div class=\"e-con-inner\">\n\t\t\t\t<div class=\"elementor-element elementor-element-6486a88 elementor-widget elementor-widget-text-editor\" data-id=\"6486a88\" data-element_type=\"widget\" data-widget_type=\"text-editor.default\">\n\t\t\t\t<div class=\"elementor-widget-container\">\n\t\t\t\t\t\t\t<p>nets360 apie mus<\/p>\n\t\t\t\t\t\t<\/div>\n\t\t\t\t<\/div>\n\t\t\t\t<div class=\"elementor-element elementor-element-57387a1 elementor-widget elementor-widget-heading\" data-id=\"57387a1\" data-element_type=\"widget\" data-widget_type=\"heading.default\">\n\t\t\t\t<div class=\"elementor-widget-container\">\n\t\t\t<h2 class=\"elementor-heading-title elementor-size-default\">360\u00b0 <br> Saug\u016bs<br> Atspar\u016bs<br> Naujos kartos<br> Tinklai Europai<\/h2>\t\t<\/div>\n\t\t\t\t<\/div>\n\t\t\t\t<div class=\"elementor-element elementor-element-52bc3ac elementor-widget elementor-widget-text-editor\" data-id=\"52bc3ac\" data-element_type=\"widget\" data-widget_type=\"text-editor.default\">\n\t\t\t\t<div class=\"elementor-widget-container\">\n\t\t\t\t\t\t\t<p>&#8222;<strong>nets360&#8243;<\/strong> yra Estijos startuolis, kur\u012f 2023 m. \u012fk\u016br\u0117 Vokietijos technologij\u0173 verslininkas Bernhardas Teufelis, si\u016blantis naujos kartos, saugius ir ma\u017eo v\u0117lavimo tinklo sprendimus daikt\u0173 internetui, \u012fmon\u0117ms ir interneto paslaug\u0173 teik\u0117jams. Pasitelkdama priva\u010dius dedikuotus tinklus ir strategines partnerystes, tokias kaip DE-CIX, &#8222;nets360&#8221; u\u017etikrina auk\u0161\u010diausi\u0105 na\u0161um\u0105, didesn\u012f saugum\u0105 ir tiesiogin\u0119 prieig\u0105 prie debesijos, apeinant vie\u0161\u0105j\u012f internet\u0105. \u012emon\u0117 bendradarbiauja su partneriais visoje Europoje ir siekia i\u0161 esm\u0117s pakeisti \u012fmoni\u0173 ir vie\u0161\u0173j\u0173 \u012fstaig\u0173 ry\u0161\u012f.  <br \/><strong>Sveiki atvyk\u0119 \u012f nets360.<\/strong><\/p>\n\t\t\t\t\t\t<\/div>\n\t\t\t\t<\/div>\n\t\t\t\t\t<\/div>\n\t\t\t\t<\/div>\n\t\t\t\t\t<\/div>\n\t\t\t\t<\/div>\n\t\t\t\t\t<\/div>\n\t\t\t\t<\/div>\n\t\t<div class=\"elementor-element elementor-element-5cbcebc e-flex e-con-boxed e-con e-parent\" data-id=\"5cbcebc\" data-element_type=\"container\">\n\t\t\t\t\t<div class=\"e-con-inner\">\n\t\t<div class=\"elementor-element elementor-element-e87d95c e-con-full e-flex e-con e-child\" data-id=\"e87d95c\" data-element_type=\"container\">\n\t\t\t\t<div class=\"elementor-element elementor-element-6627c5a elementor-widget elementor-widget-heading\" data-id=\"6627c5a\" data-element_type=\"widget\" data-widget_type=\"heading.default\">\n\t\t\t\t<div class=\"elementor-widget-container\">\n\t\t\t<h2 class=\"elementor-heading-title elementor-size-default\">Nets360: Naujos kartos tinklai - u\u017e interneto rib\u0173<\/h2>\t\t<\/div>\n\t\t\t\t<\/div>\n\t\t\t\t<\/div>\n\t\t<div class=\"elementor-element elementor-element-81f3621 e-con-full e-flex e-con e-child\" data-id=\"81f3621\" data-element_type=\"container\">\n\t\t\t\t<div class=\"elementor-element elementor-element-b099f0a elementor-widget elementor-widget-text-editor\" data-id=\"b099f0a\" data-element_type=\"widget\" data-widget_type=\"text-editor.default\">\n\t\t\t\t<div class=\"elementor-widget-container\">\n\t\t\t\t\t\t\t<p>2023 m. Vokietijos technologij\u0173 verslininko Bernhardo Teuelio \u012fkurta bendrov\u0117 &#8221; <strong>nets360&#8243;<\/strong> teikia pa\u017eangiausius, \u012f ateit\u012f orientuotus tinklo ir ry\u0161io sprendimus, kurie per\u017eengia vie\u0161ojo interneto ribas.<br \/>\nEsame Estijos startuolis ir specializuojam\u0117s saugi\u0173, ma\u017eo v\u0117lavimo ir labai patikim\u0173 tinkl\u0173, skirt\u0173 daikt\u0173 internetui, \u012fmon\u0117ms ir interneto paslaug\u0173 teik\u0117jams (IPT), k\u016brime.<br \/>\nGlaud\u017eiai bendradarbiaujame su partneriais visoje Europoje, kad gal\u0117tume teikti auk\u0161\u010diausio lygio infrastrukt\u016br\u0105 ir paslaugas.  <\/p>\n\t\t\t\t\t\t<\/div>\n\t\t\t\t<\/div>\n\t\t\t\t<\/div>\n\t\t\t\t\t<\/div>\n\t\t\t\t<\/div>\n\t\t<div class=\"elementor-element elementor-element-06b10b2 e-flex e-con-boxed e-con e-parent\" data-id=\"06b10b2\" data-element_type=\"container\">\n\t\t\t\t\t<div class=\"e-con-inner\">\n\t\t\t\t<div class=\"elementor-element elementor-element-8d73907 elementor-widget-divider--view-line elementor-widget elementor-widget-divider\" data-id=\"8d73907\" data-element_type=\"widget\" data-widget_type=\"divider.default\">\n\t\t\t\t<div class=\"elementor-widget-container\">\n\t\t\t\t\t<div class=\"elementor-divider\">\n\t\t\t<span class=\"elementor-divider-separator\">\n\t\t\t\t\t\t<\/span>\n\t\t<\/div>\n\t\t\t\t<\/div>\n\t\t\t\t<\/div>\n\t\t\t\t\t<\/div>\n\t\t\t\t<\/div>\n\t\t<div class=\"elementor-element elementor-element-98d6e5b e-flex e-con-boxed e-con e-parent\" data-id=\"98d6e5b\" data-element_type=\"container\">\n\t\t\t\t\t<div class=\"e-con-inner\">\n\t\t<div class=\"elementor-element elementor-element-ef4a8b0 e-con-full e-flex e-con e-child\" data-id=\"ef4a8b0\" data-element_type=\"container\">\n\t\t\t\t<div class=\"elementor-element elementor-element-e7da792 elementor-widget elementor-widget-heading\" data-id=\"e7da792\" data-element_type=\"widget\" data-widget_type=\"heading.default\">\n\t\t\t\t<div class=\"elementor-widget-container\">\n\t\t\t<h2 class=\"elementor-heading-title elementor-size-default\">M\u016bs\u0173 po\u017ei\u016bris: <br>Daugiau nei internetas<\/h2>\t\t<\/div>\n\t\t\t\t<\/div>\n\t\t\t\t<\/div>\n\t\t<div class=\"elementor-element elementor-element-ffd137e e-con-full e-flex e-con e-child\" data-id=\"ffd137e\" data-element_type=\"container\">\n\t\t\t\t<div class=\"elementor-element elementor-element-7aedb4c elementor-widget elementor-widget-text-editor\" data-id=\"7aedb4c\" data-element_type=\"widget\" data-widget_type=\"text-editor.default\">\n\t\t\t\t<div class=\"elementor-widget-container\">\n\t\t\t\t\t\t\t<p>Nors daugelis tradicini\u0173 tinklo paslaug\u0173 remiasi vie\u0161uoju internetu, &#8222;nets360&#8221; si\u016blo tiesiogin\u012f privat\u0173 ry\u0161\u012f per savo nuosav\u0105 pagrindin\u012f tinkl\u0105, naudodamasis partneryste su <strong>DE-CIX<\/strong> Frankfurte ir kitais strateginiais partneriais.<br \/>\n\u0160is metodas leid\u017eia sukurti saugius, specialius tinklus, kurie u\u017etikrina geresn\u012f na\u0161um\u0105, didesn\u012f saugum\u0105 ir ma\u017eesn\u012f sud\u0117tingum\u0105.<br \/>\nM\u016bs\u0173 klientai gali tvarkyti savo duomen\u0173 sraut\u0105 ir verslo procesus priva\u010diuose u\u017edaruose tinkluose, nesiun\u010diant konfidencialios informacijos per vie\u0161\u0105j\u012f internet\u0105 &#8211; tai idealu \u012fmon\u0117ms, siekian\u010dioms maksimaliai kontroliuoti savo tinklus.  <\/p>\n\t\t\t\t\t\t<\/div>\n\t\t\t\t<\/div>\n\t\t\t\t<\/div>\n\t\t\t\t\t<\/div>\n\t\t\t\t<\/div>\n\t\t<div class=\"elementor-element elementor-element-49acf6a e-flex e-con-boxed e-con e-parent\" data-id=\"49acf6a\" data-element_type=\"container\">\n\t\t\t\t\t<div class=\"e-con-inner\">\n\t\t\t\t<div class=\"elementor-element elementor-element-ba7ff6c elementor-widget-divider--view-line elementor-widget elementor-widget-divider\" data-id=\"ba7ff6c\" data-element_type=\"widget\" data-widget_type=\"divider.default\">\n\t\t\t\t<div class=\"elementor-widget-container\">\n\t\t\t\t\t<div class=\"elementor-divider\">\n\t\t\t<span class=\"elementor-divider-separator\">\n\t\t\t\t\t\t<\/span>\n\t\t<\/div>\n\t\t\t\t<\/div>\n\t\t\t\t<\/div>\n\t\t\t\t\t<\/div>\n\t\t\t\t<\/div>\n\t\t<div class=\"elementor-element elementor-element-e3b69e6 e-flex e-con-boxed e-con e-parent\" data-id=\"e3b69e6\" data-element_type=\"container\">\n\t\t\t\t\t<div class=\"e-con-inner\">\n\t\t<div class=\"elementor-element elementor-element-c95d2f0 e-con-full e-flex e-con e-child\" data-id=\"c95d2f0\" data-element_type=\"container\">\n\t\t\t\t<div class=\"elementor-element elementor-element-6f34de8 elementor-widget elementor-widget-heading\" data-id=\"6f34de8\" data-element_type=\"widget\" data-widget_type=\"heading.default\">\n\t\t\t\t<div class=\"elementor-widget-container\">\n\t\t\t<h2 class=\"elementor-heading-title elementor-size-default\">Kod\u0117l verta rinktis nets360?<\/h2>\t\t<\/div>\n\t\t\t\t<\/div>\n\t\t\t\t<\/div>\n\t\t<div class=\"elementor-element elementor-element-0a26155 e-con-full e-flex e-con e-child\" data-id=\"0a26155\" data-element_type=\"container\">\n\t\t\t\t<div class=\"elementor-element elementor-element-29f3a09 elementor-widget elementor-widget-text-editor\" data-id=\"29f3a09\" data-element_type=\"widget\" data-widget_type=\"text-editor.default\">\n\t\t\t\t<div class=\"elementor-widget-container\">\n\t\t\t\t\t\t\t<p>Remdamiesi partneryste su <strong>&#8222;Fortinet&#8221;<\/strong>, &#8221; <strong>Nokia&#8221;<\/strong> ir &#8221; <strong>Teltonika Networks&#8221;<\/strong>, teikiame moderniausius tinklo saugumo sprendimus, kurie skland\u017eiai integruojami \u012f m\u016bs\u0173 infrastrukt\u016br\u0105.<br \/>\nDaugiausia d\u0117mesio skirdami pagal u\u017esakym\u0105 sukurtiems privatiems tinklams, padedame \u012fmon\u0117ms ir vie\u0161osioms \u012fstaigoms saugiai ir tiesiogiai sujungti j\u0173 buveines, darbuotojus ir debesijos platformas.<br \/>\nTai ne tik u\u017etikrina greitesn\u012f duomen\u0173 perdavim\u0105 ir geresn\u012f saugum\u0105, bet ir leid\u017eia lanks\u010diai pl\u0117stis pagal verslo poreikius.  <\/p>\n<p>&#8222;nets360&#8221; aktyviai ie\u0161ko pardavimo partneri\u0173 visoje Europoje, kad pad\u0117t\u0173 atskleisti priva\u010di\u0173 tinkl\u0173 potencial\u0105 ir pasi\u016blyti \u012fmon\u0117ms geresn\u0119 alternatyv\u0105 tradiciniam internetui.<\/p>\n\t\t\t\t\t\t<\/div>\n\t\t\t\t<\/div>\n\t\t\t\t<\/div>\n\t\t\t\t\t<\/div>\n\t\t\t\t<\/div>\n\t\t<div class=\"elementor-element elementor-element-c38220c e-flex e-con-boxed e-con e-parent\" data-id=\"c38220c\" data-element_type=\"container\">\n\t\t\t\t\t<div class=\"e-con-inner\">\n\t\t\t\t<div class=\"elementor-element elementor-element-e6b45c7 elementor-widget-divider--view-line elementor-widget elementor-widget-divider\" data-id=\"e6b45c7\" data-element_type=\"widget\" data-widget_type=\"divider.default\">\n\t\t\t\t<div class=\"elementor-widget-container\">\n\t\t\t\t\t<div class=\"elementor-divider\">\n\t\t\t<span class=\"elementor-divider-separator\">\n\t\t\t\t\t\t<\/span>\n\t\t<\/div>\n\t\t\t\t<\/div>\n\t\t\t\t<\/div>\n\t\t\t\t\t<\/div>\n\t\t\t\t<\/div>\n\t\t<div class=\"elementor-element elementor-element-f54e0b8 e-flex e-con-boxed e-con e-parent\" data-id=\"f54e0b8\" data-element_type=\"container\">\n\t\t\t\t\t<div class=\"e-con-inner\">\n\t\t<div class=\"elementor-element elementor-element-f43c083 e-con-full e-flex e-con e-child\" data-id=\"f43c083\" data-element_type=\"container\">\n\t\t\t\t<div class=\"elementor-element elementor-element-8e9b4b1 elementor-widget elementor-widget-heading\" data-id=\"8e9b4b1\" data-element_type=\"widget\" data-widget_type=\"heading.default\">\n\t\t\t\t<div class=\"elementor-widget-container\">\n\t\t\t<h2 class=\"elementor-heading-title elementor-size-default\">Nets360 sprendimai:<\/h2>\t\t<\/div>\n\t\t\t\t<\/div>\n\t\t\t\t<\/div>\n\t\t<div class=\"elementor-element elementor-element-fb308b0 e-con-full e-flex e-con e-child\" data-id=\"fb308b0\" data-element_type=\"container\">\n\t\t\t\t<div class=\"elementor-element elementor-element-febcab1 elementor-widget elementor-widget-text-editor\" data-id=\"febcab1\" data-element_type=\"widget\" data-widget_type=\"text-editor.default\">\n\t\t\t\t<div class=\"elementor-widget-container\">\n\t\t\t\t\t\t\t<ul>\n<li>\n<p><strong>Saugus daikt\u0173 interneto ry\u0161ys<\/strong><br \/>Si\u016blomas itin saugus ir kei\u010diamo dyd\u017eio ry\u0161ys daikt\u0173 interneto aplinkoms, prieinamas vie\u0161ajame internete arba priva\u010diuose tinkluose.<\/p>\n<\/li>\n<li>\n<p><strong>Infrastrukt\u016bra kaip paslauga (IaaS) daikt\u0173 internetui (valdomos paslaugos)<\/strong><br \/>Pritaikyti infrastrukt\u016bros sprendimai su daikt\u0173 interneto \u0161liuzais ir mar\u0161rutizatoriais, skirti saugiai ir patikimai daikt\u0173 interneto integracijai ir valdymui.<\/p>\n<\/li>\n<li>\n<p><strong>Privat\u016bs, dedikuoti WAN tinklai \u012fmon\u0117ms ir vald\u017eios institucijoms<\/strong><br \/>Didelio na\u0161umo, saug\u016bs WAN sprendimai, teikiami tiesioginiais, priva\u010diais ry\u0161iais &#8211; idealiai tinka slaptiems duomenims apsaugoti valstybin\u0117se ir verslo \u012fstaigose.<\/p>\n<\/li>\n<li>\n<p><strong>VPN, SD-WAN ir SASE sprendimai<\/strong><br \/>I\u0161samus sprendim\u0173 ir technologij\u0173 asortimentas, skirtas saugiai sujungti kelias svetaines, padidinti lankstum\u0105 ir kontrol\u0119.<\/p>\n<\/li>\n<li>\n<p><strong>Keli\u0173 nam\u0173 4G\/5G interneto atsargin\u0117 kopija<\/strong><br \/>Ma\u017eo v\u0117lavimo atsargin\u0117s kopijos sprendimai, kuriuose naudojami 4G\/5G tinklai, kad b\u016bt\u0173 u\u017etikrintas verslo t\u0119stinumas sutrikus pagrindiniam ry\u0161iui, pvz., nutr\u016bkus \u0161viesolaid\u017eio ar DSL ry\u0161iui.<\/p>\n<\/li>\n<li>\n<p><strong>Prid\u0117tin\u0117s vert\u0117s sprendimai interneto paslaug\u0173 teik\u0117jams (interneto atsargin\u0117s kopijos, lygiavert\u0117s paslaugos, CPE kaip paslauga)<\/strong><br \/>Inovatyvios paslaugos, skirtos interneto paslaug\u0173 teik\u0117j\u0173 pasi\u016blymams i\u0161pl\u0117sti, \u012fskaitant daugiaabonentinius 4G\/5G atsargini\u0173 kopij\u0173 sprendimus, kurie apdorojami tiesiogiai per m\u016bs\u0173 pagrindin\u012f tinkl\u0105.<\/p>\n<\/li>\n<li>\n<p><strong>Sujungiamumas kaip paslauga (CaaS)<\/strong><br \/>Lankst\u016bs, kei\u010diamo mastelio sujungiamumo sprendimai \u012fmon\u0117ms ir vie\u0161osioms institucijoms visoje Europoje, u\u017etikrinantys skland\u017ei\u0105 ir patikim\u0105 prieig\u0105.<\/p>\n<\/li>\n<li>\n<p><strong>Tinklas kaip paslauga (angl. Network as a Service, NaaS<\/strong>)<br \/>Visi\u0161kai valdoma tinklo infrastrukt\u016bra (LAN\/Wi-Fi), leid\u017eianti \u012fmon\u0117ms pl\u0117stis ir augti, nesud\u0117tingai valdant tinklo operacijas.<\/p>\n<\/li>\n<li>\n<p><strong>Tiesiogin\u0117 debesijos prieiga \u012fmon\u0117ms ir vie\u0161osioms institucijoms<\/strong><br \/>Tiesioginis saugus prisijungimas prie debesijos paslaug\u0173 teik\u0117j\u0173, toki\u0173 kaip &#8222;Google&#8221;, AWS ir &#8222;Microsoft Azure&#8221;, per 2\/3 sluoksn\u012f, apeinant vie\u0161\u0105j\u012f internet\u0105, kad b\u016bt\u0173 gerokai padidintas saugumas ir na\u0161umas.<\/p>\n<\/li>\n<\/ul>\n\t\t\t\t\t\t<\/div>\n\t\t\t\t<\/div>\n\t\t\t\t<\/div>\n\t\t\t\t\t<\/div>\n\t\t\t\t<\/div>\n\t\t<div class=\"elementor-element elementor-element-58a3521 e-flex e-con-boxed e-con e-parent\" data-id=\"58a3521\" data-element_type=\"container\">\n\t\t\t\t\t<div class=\"e-con-inner\">\n\t\t\t\t<div class=\"elementor-element elementor-element-8b9cd2c elementor-widget-divider--view-line elementor-widget elementor-widget-divider\" data-id=\"8b9cd2c\" data-element_type=\"widget\" data-widget_type=\"divider.default\">\n\t\t\t\t<div class=\"elementor-widget-container\">\n\t\t\t\t\t<div class=\"elementor-divider\">\n\t\t\t<span class=\"elementor-divider-separator\">\n\t\t\t\t\t\t<\/span>\n\t\t<\/div>\n\t\t\t\t<\/div>\n\t\t\t\t<\/div>\n\t\t\t\t\t<\/div>\n\t\t\t\t<\/div>\n\t\t<div class=\"elementor-element elementor-element-971efac e-flex e-con-boxed e-con e-parent\" data-id=\"971efac\" data-element_type=\"container\">\n\t\t\t\t\t<div class=\"e-con-inner\">\n\t\t<div class=\"elementor-element elementor-element-aa10ce6 e-con-full e-flex e-con e-child\" data-id=\"aa10ce6\" data-element_type=\"container\">\n\t\t\t\t<div class=\"elementor-element elementor-element-815e637 elementor-widget elementor-widget-heading\" data-id=\"815e637\" data-element_type=\"widget\" data-widget_type=\"heading.default\">\n\t\t\t\t<div class=\"elementor-widget-container\">\n\t\t\t<h2 class=\"elementor-heading-title elementor-size-default\">M\u016bs\u0173 generalinis direktorius<\/h2>\t\t<\/div>\n\t\t\t\t<\/div>\n\t\t\t\t<\/div>\n\t\t<div class=\"elementor-element elementor-element-d2b34bf e-con-full e-flex e-con e-child\" data-id=\"d2b34bf\" data-element_type=\"container\">\n\t\t\t\t<div class=\"elementor-element elementor-element-6f5f407 elementor-widget elementor-widget-text-editor\" data-id=\"6f5f407\" data-element_type=\"widget\" data-widget_type=\"text-editor.default\">\n\t\t\t\t<div class=\"elementor-widget-container\">\n\t\t\t\t\t\t\t<p><strong>&#8222;Gim\u0119s su tinklo kabeliu rankoje&#8221;<br \/><\/strong>&#8211; taip save apib\u016bdina m\u016bs\u0173 \u012fmon\u0117s \u012fk\u016br\u0117jas ir generalinis direktorius Bernhardas Teufelis.<\/p>\n<p>Bernhardas Teufelis daugiau kaip prie\u0161 20 met\u0173 \u012fk\u016br\u0117 savo pirm\u0105j\u0105 IT \u012fmon\u0119 tinkl\u0173 ir VoIP sektoriuje.  <\/p>\n<p>Pastaruosius 10 met\u0173 keliaudamas ir gyvendamas 29 Europos \u0161alyse ir pa\u017eindamas j\u0173 \u017emones, kult\u016br\u0105 ir \u012fmones, at\u0117jo laikas sukurti tinklo \u012fmon\u0119 Europoje. I\u0161 \u0161ios id\u0117jos gim\u0117 &#8222;nets360&#8221;. <\/p>\n\t\t\t\t\t\t<\/div>\n\t\t\t\t<\/div>\n\t\t\t\t<\/div>\n\t\t\t\t<div class=\"elementor-element elementor-element-da1287f animated-fast elementor-widget elementor-widget-image\" data-id=\"da1287f\" data-element_type=\"widget\" data-settings=\"{&quot;_animation&quot;:&quot;none&quot;}\" data-widget_type=\"image.default\">\n\t\t\t\t<div class=\"elementor-widget-container\">\n\t\t\t\t\t\t\t\t\t\t\t\t\t<img decoding=\"async\" src=\"https:\/\/internet-backup.eu\/wp-content\/uploads\/elementor\/thumbs\/bernhardteufel-qkjfzj0lne03mufuazovjrwkuriacntg5d44zjuv9u.webp\" title=\"bernhardteufel\" alt=\"bernhardteufel\" loading=\"lazy\" \/>\t\t\t\t\t\t\t\t\t\t\t\t\t<\/div>\n\t\t\t\t<\/div>\n\t\t\t\t\t<\/div>\n\t\t\t\t<\/div>\n\t\t<div class=\"elementor-element elementor-element-dc4b6c6 e-flex e-con-boxed e-con e-parent\" data-id=\"dc4b6c6\" data-element_type=\"container\">\n\t\t\t\t\t<div class=\"e-con-inner\">\n\t\t\t\t<div class=\"elementor-element elementor-element-2848892 elementor-widget-divider--view-line elementor-widget elementor-widget-divider\" data-id=\"2848892\" data-element_type=\"widget\" data-widget_type=\"divider.default\">\n\t\t\t\t<div class=\"elementor-widget-container\">\n\t\t\t\t\t<div class=\"elementor-divider\">\n\t\t\t<span class=\"elementor-divider-separator\">\n\t\t\t\t\t\t<\/span>\n\t\t<\/div>\n\t\t\t\t<\/div>\n\t\t\t\t<\/div>\n\t\t\t\t\t<\/div>\n\t\t\t\t<\/div>\n\t\t<div class=\"elementor-element elementor-element-6393b83 e-flex e-con-boxed e-con e-parent\" data-id=\"6393b83\" data-element_type=\"container\">\n\t\t\t\t\t<div class=\"e-con-inner\">\n\t\t<div class=\"elementor-element elementor-element-a6ad5ca e-con-full e-flex e-con e-child\" data-id=\"a6ad5ca\" data-element_type=\"container\">\n\t\t\t\t<div class=\"elementor-element elementor-element-6499fb4 elementor-widget elementor-widget-heading\" data-id=\"6499fb4\" data-element_type=\"widget\" data-widget_type=\"heading.default\">\n\t\t\t\t<div class=\"elementor-widget-container\">\n\t\t\t<h2 class=\"elementor-heading-title elementor-size-default\">M\u016bs\u0173 komanda<\/h2>\t\t<\/div>\n\t\t\t\t<\/div>\n\t\t\t\t<\/div>\n\t\t<div class=\"elementor-element elementor-element-8ce0989 e-con-full e-flex e-con e-child\" data-id=\"8ce0989\" data-element_type=\"container\">\n\t\t\t\t<div class=\"elementor-element elementor-element-24b4979 elementor-widget elementor-widget-text-editor\" data-id=\"24b4979\" data-element_type=\"widget\" data-widget_type=\"text-editor.default\">\n\t\t\t\t<div class=\"elementor-widget-container\">\n\t\t\t\t\t\t\t<p>Kalbame \u012fvairiomis kalbomis ir esame kil\u0119 i\u0161 skirting\u0173 kult\u016br\u0173, ta\u010diau mus vienija viena id\u0117ja &#8211; paversti &#8222;nets360&#8221; s\u0117kminga \u012fmone.<\/p>\n<p>&#8222;nets360&#8221; jau dirba \u017emon\u0117s i\u0161 Austrijos, Kroatijos, Estijos, Vokietijos, Italijos, Lietuvos, \u0160veicarijos ir Ispanijos.<\/p>\n\t\t\t\t\t\t<\/div>\n\t\t\t\t<\/div>\n\t\t\t\t<\/div>\n\t\t\t\t\t<\/div>\n\t\t\t\t<\/div>\n\t\t<div class=\"elementor-element elementor-element-909fa51 e-flex e-con-boxed e-con e-parent\" data-id=\"909fa51\" data-element_type=\"container\" data-settings=\"{&quot;background_background&quot;:&quot;gradient&quot;}\">\n\t\t\t\t\t<div class=\"e-con-inner\">\n\t\t<div class=\"elementor-element elementor-element-52b8636 e-con-full e-flex e-con e-child\" data-id=\"52b8636\" data-element_type=\"container\">\n\t\t\t\t<div class=\"elementor-element elementor-element-2fdbabd elementor-widget elementor-widget-image\" data-id=\"2fdbabd\" data-element_type=\"widget\" data-widget_type=\"image.default\">\n\t\t\t\t<div class=\"elementor-widget-container\">\n\t\t\t\t\t\t\t\t\t\t\t\t\t<img fetchpriority=\"high\" decoding=\"async\" width=\"1920\" height=\"687\" src=\"https:\/\/internet-backup.eu\/wp-content\/uploads\/2023\/12\/AdobeStock_240045949-min-scaled-1.webp\" class=\"attachment-full size-full wp-image-8646\" alt=\"\" srcset=\"https:\/\/internet-backup.eu\/wp-content\/uploads\/2023\/12\/AdobeStock_240045949-min-scaled-1.webp 1920w, https:\/\/internet-backup.eu\/wp-content\/uploads\/2023\/12\/AdobeStock_240045949-min-scaled-1-300x107.webp 300w, https:\/\/internet-backup.eu\/wp-content\/uploads\/2023\/12\/AdobeStock_240045949-min-scaled-1-1024x366.webp 1024w, https:\/\/internet-backup.eu\/wp-content\/uploads\/2023\/12\/AdobeStock_240045949-min-scaled-1-768x275.webp 768w, https:\/\/internet-backup.eu\/wp-content\/uploads\/2023\/12\/AdobeStock_240045949-min-scaled-1-1536x550.webp 1536w\" sizes=\"(max-width: 1920px) 100vw, 1920px\" \/>\t\t\t\t\t\t\t\t\t\t\t\t\t<\/div>\n\t\t\t\t<\/div>\n\t\t\t\t<\/div>\n\t\t<div class=\"elementor-element elementor-element-4e21806 e-con-full e-flex e-con e-child\" data-id=\"4e21806\" data-element_type=\"container\">\n\t\t<div class=\"elementor-element elementor-element-46223e2 animated-fast e-flex e-con-boxed e-con e-child\" data-id=\"46223e2\" data-element_type=\"container\" data-settings=\"{&quot;animation&quot;:&quot;none&quot;}\">\n\t\t\t\t\t<div class=\"e-con-inner\">\n\t\t\t\t<div class=\"elementor-element elementor-element-d642856 elementor-widget elementor-widget-heading\" data-id=\"d642856\" data-element_type=\"widget\" data-widget_type=\"heading.default\">\n\t\t\t\t<div class=\"elementor-widget-container\">\n\t\t\t<h2 class=\"elementor-heading-title elementor-size-default\">Prad\u0117kite dirbti su nets360<\/h2>\t\t<\/div>\n\t\t\t\t<\/div>\n\t\t\t\t<div class=\"elementor-element elementor-element-dfaf728 elementor-widget elementor-widget-text-editor\" data-id=\"dfaf728\" data-element_type=\"widget\" data-widget_type=\"text-editor.default\">\n\t\t\t\t<div class=\"elementor-widget-container\">\n\t\t\t\t\t\t\t<p>Pristatome visoje Europoje ir kalbame keliomis kalbomis.<br \/>Pasikalb\u0117kime apie j\u016bs\u0173 sprendim\u0105.<\/p>\n\t\t\t\t\t\t<\/div>\n\t\t\t\t<\/div>\n\t\t\t\t<div class=\"elementor-element elementor-element-51e1f0b elementor-widget elementor-widget-button\" data-id=\"51e1f0b\" data-element_type=\"widget\" data-widget_type=\"button.default\">\n\t\t\t\t<div class=\"elementor-widget-container\">\n\t\t\t\t\t\t\t<div class=\"elementor-button-wrapper\">\n\t\t\t\t\t<a class=\"elementor-button elementor-button-link elementor-size-sm\" href=\"https:\/\/internet-backup.eu\/lt\/susisiekite-su-mumis\/\">\n\t\t\t\t\t\t<span class=\"elementor-button-content-wrapper\">\n\t\t\t\t\t\t\t\t\t<span class=\"elementor-button-text\">Susisiekite su<\/span>\n\t\t\t\t\t<\/span>\n\t\t\t\t\t<\/a>\n\t\t\t\t<\/div>\n\t\t\t\t\t\t<\/div>\n\t\t\t\t<\/div>\n\t\t\t\t\t<\/div>\n\t\t\t\t<\/div>\n\t\t\t\t<\/div>\n\t\t\t\t\t<\/div>\n\t\t\t\t<\/div>\n\t\t\t\t<\/div>\n\t\t","protected":false},"excerpt":{"rendered":"<p>nets360 apie mus 360\u00b0 Saug\u016bs Atspar\u016bs Naujos kartos Tinklai Europai &#8222;nets360&#8243; yra Estijos startuolis, kur\u012f 2023 m. \u012fk\u016br\u0117 Vokietijos technologij\u0173 verslininkas Bernhardas Teufelis, si\u016blantis naujos kartos, saugius ir ma\u017eo v\u0117lavimo tinklo sprendimus daikt\u0173 internetui, \u012fmon\u0117ms ir interneto paslaug\u0173 teik\u0117jams. Pasitelkdama priva\u010dius dedikuotus tinklus ir strategines partnerystes, tokias kaip DE-CIX, &#8222;nets360&#8221; u\u017etikrina auk\u0161\u010diausi\u0105 na\u0161um\u0105, didesn\u012f saugum\u0105 [&hellip;]<\/p>\n","protected":false},"author":1,"featured_media":0,"parent":0,"menu_order":0,"comment_status":"closed","ping_status":"closed","template":"","meta":{"_acf_changed":false,"inline_featured_image":false,"footnotes":""},"class_list":["post-11673","page","type-page","status-publish","hentry"],"acf":[],"_links":{"self":[{"href":"https:\/\/internet-backup.eu\/lt\/wp-json\/wp\/v2\/pages\/11673","targetHints":{"allow":["GET"]}}],"collection":[{"href":"https:\/\/internet-backup.eu\/lt\/wp-json\/wp\/v2\/pages"}],"about":[{"href":"https:\/\/internet-backup.eu\/lt\/wp-json\/wp\/v2\/types\/page"}],"author":[{"embeddable":true,"href":"https:\/\/internet-backup.eu\/lt\/wp-json\/wp\/v2\/users\/1"}],"replies":[{"embeddable":true,"href":"https:\/\/internet-backup.eu\/lt\/wp-json\/wp\/v2\/comments?post=11673"}],"version-history":[{"count":1,"href":"https:\/\/internet-backup.eu\/lt\/wp-json\/wp\/v2\/pages\/11673\/revisions"}],"predecessor-version":[{"id":11676,"href":"https:\/\/internet-backup.eu\/lt\/wp-json\/wp\/v2\/pages\/11673\/revisions\/11676"}],"wp:attachment":[{"href":"https:\/\/internet-backup.eu\/lt\/wp-json\/wp\/v2\/media?parent=11673"}],"curies":[{"name":"wp","href":"https:\/\/api.w.org\/{rel}","templated":true}]}}