{"id":6131,"date":"2024-01-04T13:13:02","date_gmt":"2024-01-04T13:13:02","guid":{"rendered":"https:\/\/nets360.eu\/information-juridique\/"},"modified":"2024-06-04T15:55:51","modified_gmt":"2024-06-04T15:55:51","slug":"information-juridique","status":"publish","type":"page","link":"https:\/\/internet-backup.eu\/fr\/information-juridique\/","title":{"rendered":"Information juridique"},"content":{"rendered":"\t\t<div data-elementor-type=\"wp-page\" data-elementor-id=\"6131\" class=\"elementor elementor-6131\" data-elementor-post-type=\"page\">\n\t\t\t\t<div class=\"elementor-element elementor-element-5443ba6 e-flex e-con-boxed e-con e-parent\" data-id=\"5443ba6\" data-element_type=\"container\" data-settings=\"{&quot;background_background&quot;:&quot;gradient&quot;}\">\n\t\t\t\t\t<div class=\"e-con-inner\">\n\t\t<div class=\"elementor-element elementor-element-5fc7769 e-flex e-con-boxed e-con e-child\" data-id=\"5fc7769\" data-element_type=\"container\">\n\t\t\t\t\t<div class=\"e-con-inner\">\n\t\t<div class=\"elementor-element elementor-element-774e743 e-flex e-con-boxed e-con e-child\" data-id=\"774e743\" data-element_type=\"container\">\n\t\t\t\t\t<div class=\"e-con-inner\">\n\t\t\t\t<div class=\"elementor-element elementor-element-6486a88 elementor-widget elementor-widget-text-editor\" data-id=\"6486a88\" data-element_type=\"widget\" data-widget_type=\"text-editor.default\">\n\t\t\t\t<div class=\"elementor-widget-container\">\n\t\t\t\t\t\t\t<p>nets360<\/p>\n\t\t\t\t\t\t<\/div>\n\t\t\t\t<\/div>\n\t\t\t\t<div class=\"elementor-element elementor-element-52638f4 elementor-widget elementor-widget-heading\" data-id=\"52638f4\" data-element_type=\"widget\" data-widget_type=\"heading.default\">\n\t\t\t\t<div class=\"elementor-widget-container\">\n\t\t\t<h1 class=\"elementor-heading-title elementor-size-default\">Information juridique<\/h1>\t\t<\/div>\n\t\t\t\t<\/div>\n\t\t\t\t\t<\/div>\n\t\t\t\t<\/div>\n\t\t\t\t\t<\/div>\n\t\t\t\t<\/div>\n\t\t\t\t\t<\/div>\n\t\t\t\t<\/div>\n\t\t<div class=\"elementor-element elementor-element-09076b3 e-flex e-con-boxed e-con e-parent\" data-id=\"09076b3\" data-element_type=\"container\">\n\t\t\t\t\t<div class=\"e-con-inner\">\n\t\t\t\t<div class=\"elementor-element elementor-element-6538102 elementor-widget elementor-widget-text-editor\" data-id=\"6538102\" data-element_type=\"widget\" data-widget_type=\"text-editor.default\">\n\t\t\t\t<div class=\"elementor-widget-container\">\n\t\t\t\t\t\t\t<p><strong>Avis juridique<\/strong><\/p>\n<p>nets360 O\u00dc<br \/>Hobujaama 4<br \/>Tallinn 10151<br \/>Estonie<\/p>\n<p>T\u00e9l\u00e9phone +372 6063940<\/p>\n<p>Repr\u00e9sent\u00e9 par :<br \/>Bernhard Teufel, directeur g\u00e9n\u00e9ral<\/p>\n<p>Responsable du contenu :<br \/>Jaakko M\u00e4kinen<\/p>\n<p>Num\u00e9ro d&rsquo;identification fiscale : EE102744798<\/p>\n\t\t\t\t\t\t<\/div>\n\t\t\t\t<\/div>\n\t\t\t\t\t<\/div>\n\t\t\t\t<\/div>\n\t\t<div class=\"elementor-element elementor-element-115aa2f e-flex e-con-boxed e-con e-parent\" data-id=\"115aa2f\" data-element_type=\"container\">\n\t\t\t\t\t<div class=\"e-con-inner\">\n\t\t\t\t<div class=\"elementor-element elementor-element-38b1dee elementor-widget elementor-widget-text-editor\" data-id=\"38b1dee\" data-element_type=\"widget\" data-widget_type=\"text-editor.default\">\n\t\t\t\t<div class=\"elementor-widget-container\">\n\t\t\t\t\t\t\t<p><strong>Clause de non-responsabilit\u00e9<br \/><\/strong><br \/><strong>Clause de non-responsabilit\u00e9 concernant la langue principale<\/strong><br \/>Le contenu et les informations fournis sur ce site sont principalement en anglais. Les traductions dans d&rsquo;autres langues peuvent \u00eatre retard\u00e9es ou ne pas \u00eatre \u00e0 jour. Si un contenu particulier n&rsquo;est disponible que dans une langue autre que l&rsquo;anglais, ce contenu est consid\u00e9r\u00e9 comme faisant autorit\u00e9.<\/p>\n<p>Clause de non-responsabilit\u00e9 concernant le <strong>contenu de tiers<\/strong> <br \/>nets360 n&rsquo;est pas responsable des informations publi\u00e9es ou diffus\u00e9es par des tiers, tels que les partenaires et les revendeurs.<\/p>\n<p><strong>nets360<br \/><\/strong>Le groupe nets360 fait r\u00e9f\u00e9rence \u00e0 l&rsquo;organisation europ\u00e9enne ou \u00e0 une ou plusieurs des entreprises membres. nets360 est compos\u00e9 de soci\u00e9t\u00e9s distinctes et ind\u00e9pendantes. Les entreprises membres du r\u00e9seau d&rsquo;entreprises ind\u00e9pendantes nets360 sont affili\u00e9es au groupe nets360. Aucune soci\u00e9t\u00e9 membre n&rsquo;a le pouvoir d&rsquo;obliger ou de lier le Groupe nets360 ou toute autre soci\u00e9t\u00e9 membre vis-\u00e0-vis de tiers, et le Groupe nets360 n&rsquo;a pas non plus le pouvoir d&rsquo;obliger ou de lier toute soci\u00e9t\u00e9 membre.<\/p>\n<p>La marque nets360 est la propri\u00e9t\u00e9 de norsk nordic O\u00dc \u00e0 Tallinn. Aucune soci\u00e9t\u00e9 affili\u00e9e \u00e0 la marque nets360 n&rsquo;est autoris\u00e9e \u00e0 conclure des contrats ou \u00e0 engager sa responsabilit\u00e9 pour la marque elle-m\u00eame.<\/p>\n\t\t\t\t\t\t<\/div>\n\t\t\t\t<\/div>\n\t\t\t\t\t<\/div>\n\t\t\t\t<\/div>\n\t\t\t\t<\/div>\n\t\t","protected":false},"excerpt":{"rendered":"<p>nets360 Information juridique Avis juridique nets360 O\u00dcHobujaama 4Tallinn 10151Estonie T\u00e9l\u00e9phone +372 6063940 Repr\u00e9sent\u00e9 par :Bernhard Teufel, directeur g\u00e9n\u00e9ral Responsable du contenu :Jaakko M\u00e4kinen Num\u00e9ro d&rsquo;identification fiscale : EE102744798 Clause de non-responsabilit\u00e9Clause de non-responsabilit\u00e9 concernant la langue principaleLe contenu et les informations fournis sur ce site sont principalement en anglais. Les traductions dans d&rsquo;autres langues peuvent [&hellip;]<\/p>\n","protected":false},"author":1,"featured_media":0,"parent":0,"menu_order":0,"comment_status":"closed","ping_status":"closed","template":"","meta":{"_acf_changed":false,"inline_featured_image":false,"footnotes":""},"class_list":["post-6131","page","type-page","status-publish","hentry"],"acf":[],"_links":{"self":[{"href":"https:\/\/internet-backup.eu\/fr\/wp-json\/wp\/v2\/pages\/6131","targetHints":{"allow":["GET"]}}],"collection":[{"href":"https:\/\/internet-backup.eu\/fr\/wp-json\/wp\/v2\/pages"}],"about":[{"href":"https:\/\/internet-backup.eu\/fr\/wp-json\/wp\/v2\/types\/page"}],"author":[{"embeddable":true,"href":"https:\/\/internet-backup.eu\/fr\/wp-json\/wp\/v2\/users\/1"}],"replies":[{"embeddable":true,"href":"https:\/\/internet-backup.eu\/fr\/wp-json\/wp\/v2\/comments?post=6131"}],"version-history":[{"count":10,"href":"https:\/\/internet-backup.eu\/fr\/wp-json\/wp\/v2\/pages\/6131\/revisions"}],"predecessor-version":[{"id":10178,"href":"https:\/\/internet-backup.eu\/fr\/wp-json\/wp\/v2\/pages\/6131\/revisions\/10178"}],"wp:attachment":[{"href":"https:\/\/internet-backup.eu\/fr\/wp-json\/wp\/v2\/media?parent=6131"}],"curies":[{"name":"wp","href":"https:\/\/api.w.org\/{rel}","templated":true}]}}