{"id":5285,"date":"2024-01-16T08:05:07","date_gmt":"2024-01-16T08:05:07","guid":{"rendered":"https:\/\/nets360.eu\/a-propos-de\/"},"modified":"2024-10-14T12:10:48","modified_gmt":"2024-10-14T12:10:48","slug":"a-propos-de","status":"publish","type":"page","link":"https:\/\/internet-backup.eu\/fr\/a-propos-de\/","title":{"rendered":"A propos de"},"content":{"rendered":"\t\t<div data-elementor-type=\"wp-page\" data-elementor-id=\"5285\" class=\"elementor elementor-5285\" data-elementor-post-type=\"page\">\n\t\t\t\t<div class=\"elementor-element elementor-element-5443ba6 e-flex e-con-boxed e-con e-parent\" data-id=\"5443ba6\" data-element_type=\"container\" data-settings=\"{&quot;background_background&quot;:&quot;gradient&quot;}\">\n\t\t\t\t\t<div class=\"e-con-inner\">\n\t\t<div class=\"elementor-element elementor-element-5fc7769 e-flex e-con-boxed e-con e-child\" data-id=\"5fc7769\" data-element_type=\"container\">\n\t\t\t\t\t<div class=\"e-con-inner\">\n\t\t<div class=\"elementor-element elementor-element-774e743 e-flex e-con-boxed e-con e-child\" data-id=\"774e743\" data-element_type=\"container\">\n\t\t\t\t\t<div class=\"e-con-inner\">\n\t\t\t\t<div class=\"elementor-element elementor-element-6486a88 elementor-widget elementor-widget-text-editor\" data-id=\"6486a88\" data-element_type=\"widget\" data-widget_type=\"text-editor.default\">\n\t\t\t\t<div class=\"elementor-widget-container\">\n\t\t\t\t\t\t\t<p>nets360 \u00e0 propos de nous<\/p>\n\t\t\t\t\t\t<\/div>\n\t\t\t\t<\/div>\n\t\t\t\t<div class=\"elementor-element elementor-element-57387a1 elementor-widget elementor-widget-heading\" data-id=\"57387a1\" data-element_type=\"widget\" data-widget_type=\"heading.default\">\n\t\t\t\t<div class=\"elementor-widget-container\">\n\t\t\t<h2 class=\"elementor-heading-title elementor-size-default\">360\u00b0 <br>Secure<br>Resilient<br>Next-Generation<br>Networks for Europe<\/h2>\t\t<\/div>\n\t\t\t\t<\/div>\n\t\t\t\t<div class=\"elementor-element elementor-element-52bc3ac elementor-widget elementor-widget-text-editor\" data-id=\"52bc3ac\" data-element_type=\"widget\" data-widget_type=\"text-editor.default\">\n\t\t\t\t<div class=\"elementor-widget-container\">\n\t\t\t\t\t\t\t<p><strong>nets360<\/strong> est une startup estonienne fond\u00e9e en 2023 par l&rsquo;entrepreneur technologique allemand Bernhard Teufel, qui propose des solutions de r\u00e9seau de nouvelle g\u00e9n\u00e9ration, s\u00e9curis\u00e9es et \u00e0 faible latence pour l&rsquo;IdO, les entreprises et les FAI. En s&rsquo;appuyant sur des r\u00e9seaux priv\u00e9s et d\u00e9di\u00e9s et des partenariats strat\u00e9giques de peering comme DE-CIX, nets360 offre des performances sup\u00e9rieures, une s\u00e9curit\u00e9 renforc\u00e9e et un acc\u00e8s direct au cloud, en contournant l&rsquo;Internet public. L&rsquo;entreprise collabore avec des partenaires dans toute l&rsquo;Europe et cherche \u00e0 r\u00e9volutionner la connectivit\u00e9 pour les entreprises et les institutions publiques.  <br \/><strong>Bienvenue sur nets360.<\/strong><\/p>\n\t\t\t\t\t\t<\/div>\n\t\t\t\t<\/div>\n\t\t\t\t\t<\/div>\n\t\t\t\t<\/div>\n\t\t\t\t\t<\/div>\n\t\t\t\t<\/div>\n\t\t\t\t\t<\/div>\n\t\t\t\t<\/div>\n\t\t<div class=\"elementor-element elementor-element-5cbcebc e-flex e-con-boxed e-con e-parent\" data-id=\"5cbcebc\" data-element_type=\"container\">\n\t\t\t\t\t<div class=\"e-con-inner\">\n\t\t<div class=\"elementor-element elementor-element-e87d95c e-con-full e-flex e-con e-child\" data-id=\"e87d95c\" data-element_type=\"container\">\n\t\t\t\t<div class=\"elementor-element elementor-element-6627c5a elementor-widget elementor-widget-heading\" data-id=\"6627c5a\" data-element_type=\"widget\" data-widget_type=\"heading.default\">\n\t\t\t\t<div class=\"elementor-widget-container\">\n\t\t\t<h2 class=\"elementor-heading-title elementor-size-default\">nets360 : R\u00e9seaux de nouvelle g\u00e9n\u00e9ration - Au-del\u00e0 de l'Internet<\/h2>\t\t<\/div>\n\t\t\t\t<\/div>\n\t\t\t\t<\/div>\n\t\t<div class=\"elementor-element elementor-element-81f3621 e-con-full e-flex e-con e-child\" data-id=\"81f3621\" data-element_type=\"container\">\n\t\t\t\t<div class=\"elementor-element elementor-element-b099f0a elementor-widget elementor-widget-text-editor\" data-id=\"b099f0a\" data-element_type=\"widget\" data-widget_type=\"text-editor.default\">\n\t\t\t\t<div class=\"elementor-widget-container\">\n\t\t\t\t\t\t\t<p>Fond\u00e9e en 2023 par l&rsquo;entrepreneur technologique allemand Bernhard Teufel, <strong>nets360<\/strong> fournit des solutions de r\u00e9seau et de connectivit\u00e9 de pointe, orient\u00e9es vers l&rsquo;avenir, qui d\u00e9passent les limites de l&rsquo;Internet public. En tant que startup estonienne, nous sommes sp\u00e9cialis\u00e9s dans les r\u00e9seaux s\u00e9curis\u00e9s, \u00e0 faible latence et hautement fiables pour l&rsquo;IdO, les entreprises et les fournisseurs d&rsquo;acc\u00e8s \u00e0 Internet (FAI). Nous collaborons \u00e9troitement avec des partenaires \u00e0 travers l&rsquo;Europe pour fournir une infrastructure et des services de premier plan.  <\/p>\n\t\t\t\t\t\t<\/div>\n\t\t\t\t<\/div>\n\t\t\t\t<\/div>\n\t\t\t\t\t<\/div>\n\t\t\t\t<\/div>\n\t\t<div class=\"elementor-element elementor-element-06b10b2 e-flex e-con-boxed e-con e-parent\" data-id=\"06b10b2\" data-element_type=\"container\">\n\t\t\t\t\t<div class=\"e-con-inner\">\n\t\t\t\t<div class=\"elementor-element elementor-element-8d73907 elementor-widget-divider--view-line elementor-widget elementor-widget-divider\" data-id=\"8d73907\" data-element_type=\"widget\" data-widget_type=\"divider.default\">\n\t\t\t\t<div class=\"elementor-widget-container\">\n\t\t\t\t\t<div class=\"elementor-divider\">\n\t\t\t<span class=\"elementor-divider-separator\">\n\t\t\t\t\t\t<\/span>\n\t\t<\/div>\n\t\t\t\t<\/div>\n\t\t\t\t<\/div>\n\t\t\t\t\t<\/div>\n\t\t\t\t<\/div>\n\t\t<div class=\"elementor-element elementor-element-98d6e5b e-flex e-con-boxed e-con e-parent\" data-id=\"98d6e5b\" data-element_type=\"container\">\n\t\t\t\t\t<div class=\"e-con-inner\">\n\t\t<div class=\"elementor-element elementor-element-ef4a8b0 e-con-full e-flex e-con e-child\" data-id=\"ef4a8b0\" data-element_type=\"container\">\n\t\t\t\t<div class=\"elementor-element elementor-element-e7da792 elementor-widget elementor-widget-heading\" data-id=\"e7da792\" data-element_type=\"widget\" data-widget_type=\"heading.default\">\n\t\t\t\t<div class=\"elementor-widget-container\">\n\t\t\t<h2 class=\"elementor-heading-title elementor-size-default\">Notre approche : <br>Au-del\u00e0 de l'Internet<\/h2>\t\t<\/div>\n\t\t\t\t<\/div>\n\t\t\t\t<\/div>\n\t\t<div class=\"elementor-element elementor-element-ffd137e e-con-full e-flex e-con e-child\" data-id=\"ffd137e\" data-element_type=\"container\">\n\t\t\t\t<div class=\"elementor-element elementor-element-7aedb4c elementor-widget elementor-widget-text-editor\" data-id=\"7aedb4c\" data-element_type=\"widget\" data-widget_type=\"text-editor.default\">\n\t\t\t\t<div class=\"elementor-widget-container\">\n\t\t\t\t\t\t\t<p>Alors que de nombreux services de r\u00e9seau traditionnels reposent sur l&rsquo;Internet public, nets360 offre des connexions directes et priv\u00e9es par le biais de notre r\u00e9seau central propri\u00e9taire, en tirant parti du peering avec <strong>DE-CIX<\/strong> \u00e0 Francfort et d&rsquo;autres partenaires strat\u00e9giques. Cette approche permet de cr\u00e9er des r\u00e9seaux s\u00e9curis\u00e9s et d\u00e9di\u00e9s qui offrent des performances sup\u00e9rieures, une s\u00e9curit\u00e9 renforc\u00e9e et une complexit\u00e9 r\u00e9duite. Nos clients peuvent g\u00e9rer leur trafic de donn\u00e9es et leurs processus d&rsquo;entreprise sur des r\u00e9seaux priv\u00e9s et ferm\u00e9s, sans acheminer d&rsquo;informations sensibles via l&rsquo;Internet public &#8211; ce qui est id\u00e9al pour les entreprises qui souhaitent exercer un contr\u00f4le maximal sur leurs r\u00e9seaux.  <\/p>\n\t\t\t\t\t\t<\/div>\n\t\t\t\t<\/div>\n\t\t\t\t<\/div>\n\t\t\t\t\t<\/div>\n\t\t\t\t<\/div>\n\t\t<div class=\"elementor-element elementor-element-49acf6a e-flex e-con-boxed e-con e-parent\" data-id=\"49acf6a\" data-element_type=\"container\">\n\t\t\t\t\t<div class=\"e-con-inner\">\n\t\t\t\t<div class=\"elementor-element elementor-element-ba7ff6c elementor-widget-divider--view-line elementor-widget elementor-widget-divider\" data-id=\"ba7ff6c\" data-element_type=\"widget\" data-widget_type=\"divider.default\">\n\t\t\t\t<div class=\"elementor-widget-container\">\n\t\t\t\t\t<div class=\"elementor-divider\">\n\t\t\t<span class=\"elementor-divider-separator\">\n\t\t\t\t\t\t<\/span>\n\t\t<\/div>\n\t\t\t\t<\/div>\n\t\t\t\t<\/div>\n\t\t\t\t\t<\/div>\n\t\t\t\t<\/div>\n\t\t<div class=\"elementor-element elementor-element-e3b69e6 e-flex e-con-boxed e-con e-parent\" data-id=\"e3b69e6\" data-element_type=\"container\">\n\t\t\t\t\t<div class=\"e-con-inner\">\n\t\t<div class=\"elementor-element elementor-element-c95d2f0 e-con-full e-flex e-con e-child\" data-id=\"c95d2f0\" data-element_type=\"container\">\n\t\t\t\t<div class=\"elementor-element elementor-element-6f34de8 elementor-widget elementor-widget-heading\" data-id=\"6f34de8\" data-element_type=\"widget\" data-widget_type=\"heading.default\">\n\t\t\t\t<div class=\"elementor-widget-container\">\n\t\t\t<h2 class=\"elementor-heading-title elementor-size-default\">Pourquoi choisir nets360 ?<\/h2>\t\t<\/div>\n\t\t\t\t<\/div>\n\t\t\t\t<\/div>\n\t\t<div class=\"elementor-element elementor-element-0a26155 e-con-full e-flex e-con e-child\" data-id=\"0a26155\" data-element_type=\"container\">\n\t\t\t\t<div class=\"elementor-element elementor-element-29f3a09 elementor-widget elementor-widget-text-editor\" data-id=\"29f3a09\" data-element_type=\"widget\" data-widget_type=\"text-editor.default\">\n\t\t\t\t<div class=\"elementor-widget-container\">\n\t\t\t\t\t\t\t<p>Gr\u00e2ce \u00e0 nos partenariats avec <strong>Fortinet<\/strong>, <strong>Nokia<\/strong> et <strong>Teltonika Networks<\/strong>, nous fournissons des solutions de s\u00e9curit\u00e9 r\u00e9seau de pointe qui s&rsquo;int\u00e8grent parfaitement \u00e0 nos infrastructures. En nous concentrant sur des r\u00e9seaux priv\u00e9s sur mesure, nous aidons les entreprises et les institutions publiques \u00e0 connecter directement et en toute s\u00e9curit\u00e9 leurs sites, leurs employ\u00e9s et leurs plateformes en nuage. Cela permet non seulement d&rsquo;acc\u00e9l\u00e9rer la transmission des donn\u00e9es et d&rsquo;am\u00e9liorer la s\u00e9curit\u00e9, mais aussi d&rsquo;offrir la flexibilit\u00e9 n\u00e9cessaire pour s&rsquo;adapter aux besoins de l&rsquo;entreprise.  <\/p>\n<p>nets360 recherche activement des partenaires commerciaux dans toute l&rsquo;Europe pour aider \u00e0 lib\u00e9rer le potentiel des r\u00e9seaux priv\u00e9s, en offrant aux entreprises une alternative sup\u00e9rieure \u00e0 l&rsquo;Internet traditionnel.<\/p>\n\t\t\t\t\t\t<\/div>\n\t\t\t\t<\/div>\n\t\t\t\t<\/div>\n\t\t\t\t\t<\/div>\n\t\t\t\t<\/div>\n\t\t<div class=\"elementor-element elementor-element-c38220c e-flex e-con-boxed e-con e-parent\" data-id=\"c38220c\" data-element_type=\"container\">\n\t\t\t\t\t<div class=\"e-con-inner\">\n\t\t\t\t<div class=\"elementor-element elementor-element-e6b45c7 elementor-widget-divider--view-line elementor-widget elementor-widget-divider\" data-id=\"e6b45c7\" data-element_type=\"widget\" data-widget_type=\"divider.default\">\n\t\t\t\t<div class=\"elementor-widget-container\">\n\t\t\t\t\t<div class=\"elementor-divider\">\n\t\t\t<span class=\"elementor-divider-separator\">\n\t\t\t\t\t\t<\/span>\n\t\t<\/div>\n\t\t\t\t<\/div>\n\t\t\t\t<\/div>\n\t\t\t\t\t<\/div>\n\t\t\t\t<\/div>\n\t\t<div class=\"elementor-element elementor-element-f54e0b8 e-flex e-con-boxed e-con e-parent\" data-id=\"f54e0b8\" data-element_type=\"container\">\n\t\t\t\t\t<div class=\"e-con-inner\">\n\t\t<div class=\"elementor-element elementor-element-f43c083 e-con-full e-flex e-con e-child\" data-id=\"f43c083\" data-element_type=\"container\">\n\t\t\t\t<div class=\"elementor-element elementor-element-8e9b4b1 elementor-widget elementor-widget-heading\" data-id=\"8e9b4b1\" data-element_type=\"widget\" data-widget_type=\"heading.default\">\n\t\t\t\t<div class=\"elementor-widget-container\">\n\t\t\t<h2 class=\"elementor-heading-title elementor-size-default\">nets360 Solutions :<\/h2>\t\t<\/div>\n\t\t\t\t<\/div>\n\t\t\t\t<\/div>\n\t\t<div class=\"elementor-element elementor-element-fb308b0 e-con-full e-flex e-con e-child\" data-id=\"fb308b0\" data-element_type=\"container\">\n\t\t\t\t<div class=\"elementor-element elementor-element-febcab1 elementor-widget elementor-widget-text-editor\" data-id=\"febcab1\" data-element_type=\"widget\" data-widget_type=\"text-editor.default\">\n\t\t\t\t<div class=\"elementor-widget-container\">\n\t\t\t\t\t\t\t<ul>\n<li>\n<p><strong>Connectivit\u00e9 IoT s\u00e9curis\u00e9e<\/strong><br \/>Offrant une connectivit\u00e9 hautement s\u00e9curis\u00e9e et \u00e9volutive pour les environnements IoT, disponible sur l&rsquo;Internet public ou les r\u00e9seaux priv\u00e9s.<\/p>\n<\/li>\n<li>\n<p><strong>Infrastructure en tant que service (IaaS) pour l&rsquo;IoT (services g\u00e9r\u00e9s)<\/strong><br \/>Solutions d&rsquo;infrastructure sur mesure comprenant des passerelles et des routeurs IoT pour une int\u00e9gration et une gestion s\u00e9curis\u00e9es et fiables de l&rsquo;IoT.<\/p>\n<\/li>\n<li>\n<p><strong>R\u00e9seaux WAN priv\u00e9s et d\u00e9di\u00e9s pour les entreprises et les autorit\u00e9s publiques<\/strong><br \/>Solutions WAN hautes performances et s\u00e9curis\u00e9es fournies via des connexions directes et priv\u00e9es, id\u00e9ales pour prot\u00e9ger les donn\u00e9es sensibles dans les environnements gouvernementaux et d&rsquo;entreprise.<\/p>\n<\/li>\n<li>\n<p><strong>Connectivit\u00e9 de site \u00e0 site pour les solutions VPN, SD-WAN et SASE<\/strong><br \/>Une gamme compl\u00e8te de solutions et de technologies pour connecter plusieurs sites en toute s\u00e9curit\u00e9, am\u00e9liorant ainsi la flexibilit\u00e9 et le contr\u00f4le.<\/p>\n<\/li>\n<li>\n<p><strong>Multi-Homed 4G\/5G Internet Backup<\/strong><br \/>Solutions de sauvegarde \u00e0 faible latence utilisant les r\u00e9seaux 4G\/5G pour assurer la continuit\u00e9 de l&rsquo;activit\u00e9 en cas de d\u00e9faillance de la connexion primaire, comme les pannes de fibre ou de DSL.<\/p>\n<\/li>\n<li>\n<p><strong>Solutions \u00e0 valeur ajout\u00e9e pour les FAI (sauvegarde de l&rsquo;internet, peering, CPE en tant que service)<\/strong><br \/>Services innovants con\u00e7us pour am\u00e9liorer les offres des FAI, y compris des solutions de sauvegarde 4G\/5G multi-hom\u00e9es trait\u00e9es directement par notre r\u00e9seau central.<\/p>\n<\/li>\n<li>\n<p><strong>Connectivit\u00e9 en tant que service (CaaS)<\/strong><br \/>Solutions de connectivit\u00e9 flexibles et \u00e9volutives pour les entreprises et les institutions publiques dans toute l&rsquo;Europe, garantissant un acc\u00e8s continu et fiable.<\/p>\n<\/li>\n<li>\n<p><strong>Network as a Service (NaaS)<\/strong><br \/>Infrastructure r\u00e9seau (LAN\/Wi-Fi) enti\u00e8rement g\u00e9r\u00e9e qui permet aux entreprises d&rsquo;\u00e9voluer et de se d\u00e9velopper sans les complexit\u00e9s de la gestion des op\u00e9rations r\u00e9seau.<\/p>\n<\/li>\n<li>\n<p><strong>Acc\u00e8s direct au cloud pour les entreprises et les autorit\u00e9s publiques<\/strong><br \/>Connexions directes et s\u00e9curis\u00e9es aux fournisseurs de cloud tels que Google, AWS et Microsoft Azure via la couche 2\/3, en contournant l&rsquo;Internet public pour am\u00e9liorer de mani\u00e8re significative la s\u00e9curit\u00e9 et les performances.<\/p>\n<\/li>\n<\/ul>\n\t\t\t\t\t\t<\/div>\n\t\t\t\t<\/div>\n\t\t\t\t<\/div>\n\t\t\t\t\t<\/div>\n\t\t\t\t<\/div>\n\t\t<div class=\"elementor-element elementor-element-58a3521 e-flex e-con-boxed e-con e-parent\" data-id=\"58a3521\" data-element_type=\"container\">\n\t\t\t\t\t<div class=\"e-con-inner\">\n\t\t\t\t<div class=\"elementor-element elementor-element-8b9cd2c elementor-widget-divider--view-line elementor-widget elementor-widget-divider\" data-id=\"8b9cd2c\" data-element_type=\"widget\" data-widget_type=\"divider.default\">\n\t\t\t\t<div class=\"elementor-widget-container\">\n\t\t\t\t\t<div class=\"elementor-divider\">\n\t\t\t<span class=\"elementor-divider-separator\">\n\t\t\t\t\t\t<\/span>\n\t\t<\/div>\n\t\t\t\t<\/div>\n\t\t\t\t<\/div>\n\t\t\t\t\t<\/div>\n\t\t\t\t<\/div>\n\t\t<div class=\"elementor-element elementor-element-971efac e-flex e-con-boxed e-con e-parent\" data-id=\"971efac\" data-element_type=\"container\">\n\t\t\t\t\t<div class=\"e-con-inner\">\n\t\t<div class=\"elementor-element elementor-element-aa10ce6 e-con-full e-flex e-con e-child\" data-id=\"aa10ce6\" data-element_type=\"container\">\n\t\t\t\t<div class=\"elementor-element elementor-element-815e637 elementor-widget elementor-widget-heading\" data-id=\"815e637\" data-element_type=\"widget\" data-widget_type=\"heading.default\">\n\t\t\t\t<div class=\"elementor-widget-container\">\n\t\t\t<h2 class=\"elementor-heading-title elementor-size-default\">Notre PDG<\/h2>\t\t<\/div>\n\t\t\t\t<\/div>\n\t\t\t\t<\/div>\n\t\t<div class=\"elementor-element elementor-element-d2b34bf e-con-full e-flex e-con e-child\" data-id=\"d2b34bf\" data-element_type=\"container\">\n\t\t\t\t<div class=\"elementor-element elementor-element-6f5f407 elementor-widget elementor-widget-text-editor\" data-id=\"6f5f407\" data-element_type=\"widget\" data-widget_type=\"text-editor.default\">\n\t\t\t\t<div class=\"elementor-widget-container\">\n\t\t\t\t\t\t\t<p>\u00ab\u00a0<strong>N\u00e9 avec un c\u00e2ble r\u00e9seau \u00e0 la main\u00a0\u00bb<br \/><\/strong>, c&rsquo;est ainsi que se d\u00e9crit Bernhard Teufel, fondateur et directeur g\u00e9n\u00e9ral de notre entreprise.<\/p>\n<p>Bernhard Teufel a fond\u00e9 sa premi\u00e8re entreprise informatique il y a plus de 20 ans dans le secteur des r\u00e9seaux et de la VoIP.  <\/p>\n<p>Apr\u00e8s avoir voyag\u00e9 et v\u00e9cu dans 29 pays d&rsquo;Europe au cours des 10 derni\u00e8res ann\u00e9es pour apprendre \u00e0 conna\u00eetre les gens, les cultures et les entreprises de ces pays, il \u00e9tait temps de cr\u00e9er une entreprise de r\u00e9seau pour l&rsquo;Europe. C&rsquo;est de cette id\u00e9e qu&rsquo;est n\u00e9 nets360.<\/p>\n\t\t\t\t\t\t<\/div>\n\t\t\t\t<\/div>\n\t\t\t\t<\/div>\n\t\t\t\t<div class=\"elementor-element elementor-element-da1287f animated-fast elementor-widget elementor-widget-image\" data-id=\"da1287f\" data-element_type=\"widget\" data-settings=\"{&quot;_animation&quot;:&quot;none&quot;}\" data-widget_type=\"image.default\">\n\t\t\t\t<div class=\"elementor-widget-container\">\n\t\t\t\t\t\t\t\t\t\t\t\t\t<img decoding=\"async\" src=\"https:\/\/internet-backup.eu\/wp-content\/uploads\/elementor\/thumbs\/bernhardteufel-qkjfzj0lne03mufuazovjrwkuriacntg5d44zjuv9u.webp\" title=\"bernhardteufel\" alt=\"bernhardteufel\" loading=\"lazy\" \/>\t\t\t\t\t\t\t\t\t\t\t\t\t<\/div>\n\t\t\t\t<\/div>\n\t\t\t\t\t<\/div>\n\t\t\t\t<\/div>\n\t\t<div class=\"elementor-element elementor-element-dc4b6c6 e-flex e-con-boxed e-con e-parent\" data-id=\"dc4b6c6\" data-element_type=\"container\">\n\t\t\t\t\t<div class=\"e-con-inner\">\n\t\t\t\t<div class=\"elementor-element elementor-element-2848892 elementor-widget-divider--view-line elementor-widget elementor-widget-divider\" data-id=\"2848892\" data-element_type=\"widget\" data-widget_type=\"divider.default\">\n\t\t\t\t<div class=\"elementor-widget-container\">\n\t\t\t\t\t<div class=\"elementor-divider\">\n\t\t\t<span class=\"elementor-divider-separator\">\n\t\t\t\t\t\t<\/span>\n\t\t<\/div>\n\t\t\t\t<\/div>\n\t\t\t\t<\/div>\n\t\t\t\t\t<\/div>\n\t\t\t\t<\/div>\n\t\t<div class=\"elementor-element elementor-element-6393b83 e-flex e-con-boxed e-con e-parent\" data-id=\"6393b83\" data-element_type=\"container\">\n\t\t\t\t\t<div class=\"e-con-inner\">\n\t\t<div class=\"elementor-element elementor-element-a6ad5ca e-con-full e-flex e-con e-child\" data-id=\"a6ad5ca\" data-element_type=\"container\">\n\t\t\t\t<div class=\"elementor-element elementor-element-6499fb4 elementor-widget elementor-widget-heading\" data-id=\"6499fb4\" data-element_type=\"widget\" data-widget_type=\"heading.default\">\n\t\t\t\t<div class=\"elementor-widget-container\">\n\t\t\t<h2 class=\"elementor-heading-title elementor-size-default\">Notre \u00e9quipe<\/h2>\t\t<\/div>\n\t\t\t\t<\/div>\n\t\t\t\t<\/div>\n\t\t<div class=\"elementor-element elementor-element-8ce0989 e-con-full e-flex e-con e-child\" data-id=\"8ce0989\" data-element_type=\"container\">\n\t\t\t\t<div class=\"elementor-element elementor-element-24b4979 elementor-widget elementor-widget-text-editor\" data-id=\"24b4979\" data-element_type=\"widget\" data-widget_type=\"text-editor.default\">\n\t\t\t\t<div class=\"elementor-widget-container\">\n\t\t\t\t\t\t\t<p>Nous parlons plusieurs langues et sommes issus de cultures diff\u00e9rentes, mais nous sommes unis par une seule id\u00e9e : faire de nets360 une entreprise prosp\u00e8re.<\/p>\n<p>Des personnes originaires d&rsquo;Autriche, de Croatie, d&rsquo;Estonie, d&rsquo;Allemagne, d&rsquo;Italie, de Lituanie, de Suisse et d&rsquo;Espagne travaillent d\u00e9j\u00e0 pour nets360.<\/p>\n\t\t\t\t\t\t<\/div>\n\t\t\t\t<\/div>\n\t\t\t\t<\/div>\n\t\t\t\t\t<\/div>\n\t\t\t\t<\/div>\n\t\t<div class=\"elementor-element elementor-element-909fa51 e-flex e-con-boxed e-con e-parent\" data-id=\"909fa51\" data-element_type=\"container\" data-settings=\"{&quot;background_background&quot;:&quot;gradient&quot;}\">\n\t\t\t\t\t<div class=\"e-con-inner\">\n\t\t<div class=\"elementor-element elementor-element-52b8636 e-con-full e-flex e-con e-child\" data-id=\"52b8636\" data-element_type=\"container\">\n\t\t\t\t<div class=\"elementor-element elementor-element-2fdbabd elementor-widget elementor-widget-image\" data-id=\"2fdbabd\" data-element_type=\"widget\" data-widget_type=\"image.default\">\n\t\t\t\t<div class=\"elementor-widget-container\">\n\t\t\t\t\t\t\t\t\t\t\t\t\t<img fetchpriority=\"high\" decoding=\"async\" width=\"1920\" height=\"687\" src=\"https:\/\/internet-backup.eu\/wp-content\/uploads\/2023\/12\/AdobeStock_240045949-min-scaled-1.webp\" class=\"attachment-full size-full wp-image-4962\" alt=\"\" srcset=\"https:\/\/internet-backup.eu\/wp-content\/uploads\/2023\/12\/AdobeStock_240045949-min-scaled-1.webp 1920w, https:\/\/internet-backup.eu\/wp-content\/uploads\/2023\/12\/AdobeStock_240045949-min-scaled-1-300x107.webp 300w, https:\/\/internet-backup.eu\/wp-content\/uploads\/2023\/12\/AdobeStock_240045949-min-scaled-1-1024x366.webp 1024w, https:\/\/internet-backup.eu\/wp-content\/uploads\/2023\/12\/AdobeStock_240045949-min-scaled-1-768x275.webp 768w, https:\/\/internet-backup.eu\/wp-content\/uploads\/2023\/12\/AdobeStock_240045949-min-scaled-1-1536x550.webp 1536w\" sizes=\"(max-width: 1920px) 100vw, 1920px\" \/>\t\t\t\t\t\t\t\t\t\t\t\t\t<\/div>\n\t\t\t\t<\/div>\n\t\t\t\t<\/div>\n\t\t<div class=\"elementor-element elementor-element-4e21806 e-con-full e-flex e-con e-child\" data-id=\"4e21806\" data-element_type=\"container\">\n\t\t<div class=\"elementor-element elementor-element-46223e2 animated-fast e-flex e-con-boxed e-con e-child\" data-id=\"46223e2\" data-element_type=\"container\" data-settings=\"{&quot;animation&quot;:&quot;none&quot;}\">\n\t\t\t\t\t<div class=\"e-con-inner\">\n\t\t\t\t<div class=\"elementor-element elementor-element-d642856 elementor-widget elementor-widget-heading\" data-id=\"d642856\" data-element_type=\"widget\" data-widget_type=\"heading.default\">\n\t\t\t\t<div class=\"elementor-widget-container\">\n\t\t\t<h2 class=\"elementor-heading-title elementor-size-default\">D\u00e9marrer avec nets360<\/h2>\t\t<\/div>\n\t\t\t\t<\/div>\n\t\t\t\t<div class=\"elementor-element elementor-element-dfaf728 elementor-widget elementor-widget-text-editor\" data-id=\"dfaf728\" data-element_type=\"widget\" data-widget_type=\"text-editor.default\">\n\t\t\t\t<div class=\"elementor-widget-container\">\n\t\t\t\t\t\t\t<p>Nous livrons dans toute l&rsquo;Europe et parlons plusieurs langues.<br \/>Parlons de votre solution.<\/p>\n\t\t\t\t\t\t<\/div>\n\t\t\t\t<\/div>\n\t\t\t\t<div class=\"elementor-element elementor-element-51e1f0b elementor-widget elementor-widget-button\" data-id=\"51e1f0b\" data-element_type=\"widget\" data-widget_type=\"button.default\">\n\t\t\t\t<div class=\"elementor-widget-container\">\n\t\t\t\t\t\t\t<div class=\"elementor-button-wrapper\">\n\t\t\t\t\t<a class=\"elementor-button elementor-button-link elementor-size-sm\" href=\"https:\/\/internet-backup.eu\/fr\/nous-contacter\/\">\n\t\t\t\t\t\t<span class=\"elementor-button-content-wrapper\">\n\t\t\t\t\t\t\t\t\t<span class=\"elementor-button-text\">Contact<\/span>\n\t\t\t\t\t<\/span>\n\t\t\t\t\t<\/a>\n\t\t\t\t<\/div>\n\t\t\t\t\t\t<\/div>\n\t\t\t\t<\/div>\n\t\t\t\t\t<\/div>\n\t\t\t\t<\/div>\n\t\t\t\t<\/div>\n\t\t\t\t\t<\/div>\n\t\t\t\t<\/div>\n\t\t\t\t<\/div>\n\t\t","protected":false},"excerpt":{"rendered":"<p>nets360 \u00e0 propos de nous 360\u00b0 SecureResilientNext-GenerationNetworks for Europe nets360 est une startup estonienne fond\u00e9e en 2023 par l&rsquo;entrepreneur technologique allemand Bernhard Teufel, qui propose des solutions de r\u00e9seau de nouvelle g\u00e9n\u00e9ration, s\u00e9curis\u00e9es et \u00e0 faible latence pour l&rsquo;IdO, les entreprises et les FAI. En s&rsquo;appuyant sur des r\u00e9seaux priv\u00e9s et d\u00e9di\u00e9s et des partenariats [&hellip;]<\/p>\n","protected":false},"author":1,"featured_media":0,"parent":0,"menu_order":0,"comment_status":"closed","ping_status":"closed","template":"","meta":{"_acf_changed":false,"inline_featured_image":false,"footnotes":""},"class_list":["post-5285","page","type-page","status-publish","hentry"],"acf":[],"_links":{"self":[{"href":"https:\/\/internet-backup.eu\/fr\/wp-json\/wp\/v2\/pages\/5285","targetHints":{"allow":["GET"]}}],"collection":[{"href":"https:\/\/internet-backup.eu\/fr\/wp-json\/wp\/v2\/pages"}],"about":[{"href":"https:\/\/internet-backup.eu\/fr\/wp-json\/wp\/v2\/types\/page"}],"author":[{"embeddable":true,"href":"https:\/\/internet-backup.eu\/fr\/wp-json\/wp\/v2\/users\/1"}],"replies":[{"embeddable":true,"href":"https:\/\/internet-backup.eu\/fr\/wp-json\/wp\/v2\/comments?post=5285"}],"version-history":[{"count":8,"href":"https:\/\/internet-backup.eu\/fr\/wp-json\/wp\/v2\/pages\/5285\/revisions"}],"predecessor-version":[{"id":11280,"href":"https:\/\/internet-backup.eu\/fr\/wp-json\/wp\/v2\/pages\/5285\/revisions\/11280"}],"wp:attachment":[{"href":"https:\/\/internet-backup.eu\/fr\/wp-json\/wp\/v2\/media?parent=5285"}],"curies":[{"name":"wp","href":"https:\/\/api.w.org\/{rel}","templated":true}]}}